{"id":778,"date":"2024-01-17T11:36:45","date_gmt":"2024-01-17T11:36:45","guid":{"rendered":"https:\/\/juelich.verkehrswacht.net\/?page_id=778"},"modified":"2025-12-31T17:28:31","modified_gmt":"2025-12-31T16:28:31","slug":"unsere-preise","status":"publish","type":"page","link":"https:\/\/www.verkehrswacht-juelich.de\/?page_id=778","title":{"rendered":"Unsere Preise"},"content":{"rendered":"<div  class='flex_column av-br2je-a2eeab0b99a71c82978056f41c7d8ffb av_one_full  avia-builder-el-0  el_before_av_one_full  avia-builder-el-first  first flex_column_div  '     ><p>\n<style type=\"text\/css\" data-created_by=\"avia_inline_auto\" id=\"style-css-av-lrt5xlcb-b1b87b30a6eca71d83e241c9a4e38962\">\n#top .av-special-heading.av-lrt5xlcb-b1b87b30a6eca71d83e241c9a4e38962{\npadding-bottom:10px;\n}\nbody .av-special-heading.av-lrt5xlcb-b1b87b30a6eca71d83e241c9a4e38962 .av-special-heading-tag .heading-char{\nfont-size:25px;\n}\n.av-special-heading.av-lrt5xlcb-b1b87b30a6eca71d83e241c9a4e38962 .av-subheading{\nfont-size:15px;\n}\n<\/style>\n<div  class='av-special-heading av-lrt5xlcb-b1b87b30a6eca71d83e241c9a4e38962 av-special-heading-h1 blockquote modern-quote  avia-builder-el-1  el_before_av_hr  avia-builder-el-first '><h1 class='av-special-heading-tag '  itemprop=\"headline\"  >Unsere \u00dcbungsplatz-Preise<\/h1><div class=\"special-heading-border\"><div class=\"special-heading-inner-border\"><\/div><\/div><\/div><br \/>\n\n<style type=\"text\/css\" data-created_by=\"avia_inline_auto\" id=\"style-css-av-lrt5xywh-98847c58dce5ee9db2a0fae550474023\">\n#top .hr.av-lrt5xywh-98847c58dce5ee9db2a0fae550474023{\nmargin-top:0px;\nmargin-bottom:30px;\n}\n.hr.av-lrt5xywh-98847c58dce5ee9db2a0fae550474023 .hr-inner{\nwidth:150px;\nborder-color:#02b827;\n}\n<\/style>\n<div  class='hr av-lrt5xywh-98847c58dce5ee9db2a0fae550474023 hr-custom  avia-builder-el-2  el_after_av_heading  avia-builder-el-last  hr-left hr-icon-no'><span class='hr-inner inner-border-av-border-fat'><span class=\"hr-inner-style\"><\/span><\/span><\/div><\/p><\/div>\n<div  class='flex_column av-34103m-09a6b30690518f408041c0d0b9591a60 av_one_full  avia-builder-el-3  el_after_av_one_full  el_before_av_textblock  first flex_column_div  column-top-margin'     ><div class='avia-data-table-wrap av-2uesd6-80a9ee29f444c6c1c26ee219995bcbb9 avia_responsive_table avia-table-1'><table  class='avia-table avia-data-table avia_pricing_default  avia-builder-el-4  avia-builder-el-no-sibling '  itemscope=\"itemscope\" itemtype=\"https:\/\/schema.org\/Table\" ><tbody><tr class='avia-heading-row'><th class='avia-desc-col'><\/th><th class=''>Preis<\/th><th class=''>Haftpflichtversicherung<\/th><\/tr><tr class='avia-pricing-row'><th class='avia-desc-col'>Erste Stunde<\/th><td class=''>14,50 \u20ac<\/td><td class=''>+ 3,50 \u20ac<\/td><\/tr><tr class='avia-pricing-row'><th class='avia-desc-col'>Alle zus. 10 Minuten<\/th><td class=''>1,00 \u20ac<\/td><td class=''>&#8211;<\/td><\/tr><tr class='avia-pricing-row'><th class='avia-desc-col'>10er-Karte<\/th><td class=''>115,00 \u20ac<\/td><td class=''>+ 3,50 \u20ac je Nutzung<\/td><\/tr><\/tbody><\/table><\/div><style type='text\/css'>.avia-table-1 td:nth-of-type(0):before { content: ''; } .avia-table-1 td:nth-of-type(1):before { content: 'Preis'; } .avia-table-1 td:nth-of-type(2):before { content: 'Haftpflichtversicherung'; } <\/style><\/div>\n<style type=\"text\/css\" data-created_by=\"avia_inline_auto\" id=\"style-css-av-lrt609ad-58f00b72ce6ebba1f2bdfab80898cbfb\">\n#top .av_textblock_section.av-lrt609ad-58f00b72ce6ebba1f2bdfab80898cbfb .avia_textblock{\nfont-size:16px;\n}\n<\/style>\n<section  class='av_textblock_section av-lrt609ad-58f00b72ce6ebba1f2bdfab80898cbfb '   itemscope=\"itemscope\" itemtype=\"https:\/\/schema.org\/CreativeWork\" ><div class='avia_textblock'  itemprop=\"text\" ><p><strong><em>Sie k\u00f6nnen bequem mit Ihrer Girocard oder Kreditkarte bezahlen, Barzahlung ist auch m\u00f6glich.<\/em><\/strong><\/p>\n<p>Wir bieten Ihnen zu einer g\u00fcnstigen Stundengeb\u00fchr eine mit vielen Situationen versehene \u00dcbungsstrecke an, die es Ihnen erm\u00f6glicht,\u00a0als Fahranf\u00e4nger oder Wiedereinsteiger Ihre praktischen Fahrf\u00e4higkeiten zu verbessern.<\/p>\n<p>F\u00fcr die Nutzung des V\u00dcP zahlen Sie neben der Geb\u00fchr f\u00fcr die \u00dcbungsstunden auch eine Haftpflichtversicherung. Nach Verlassen des Platzes verliert die Haftpflichtversicherung ihre G\u00fcltigkeit.<br \/>\nNach R\u00fcckkehr am selben Tag wird auch die Haftpflichtversicherung wieder f\u00e4llig.<\/p>\n<p>Die Haftpflichtversicherung tritt bei einem Unfall f\u00fcr den am gesch\u00e4digten Fahrzeug des Unfallgegners entstandenen Schaden ein. Somit belasten Sie nicht Ihre eigene Kfz-Haftpflichtversicherung.<\/p>\n<p>Die Preise gelten auch f\u00fcr Motorradfahrer.<\/p>\n<p>Die Einl\u00f6sung des Gutscheins &#8222;10er-Karte&#8220; berechtigt jeweils zur Einfahrt auf den Verkehrs\u00fcbungsplatz und die Nutzung f\u00fcr eine Stunde.<br \/>\nNach der Fahrt wird zus\u00e4tzlich an der Kasse berechnet:<\/p>\n<p>&#8211; Versicherungspauschale in H\u00f6he von 3,50 \u20ac<\/p>\n<p>&#8211; Jede \u00fcber die erste Stunde hinaus angefangenen 10 Minuten mit jeweils 1,00 \u20ac.<\/p>\n<p>Die Einl\u00f6sung des Gutscheins &#8222;Geschenkgutschein eine \u00dcbungsstunde&#8220; berechtigt jeweils zur Einfahrt auf den Verkehrs\u00fcbungsplatz und die Nutzung f\u00fcr eine Stunde.<br \/>\nNach der Fahrt wird zus\u00e4tzlich an der Kasse berechnet:<\/p>\n<p>&#8211; Jede \u00fcber die erste Stunde hinaus angefangenen 10 Minuten mit jeweils 1,00 \u20ac<\/p>\n<p>Haben Sie bitte Verst\u00e4ndnis daf\u00fcr, dass wir das Alter der\/des \u00dcbenden durch eine Ausweiskontrolle (Personalausweis\/Reisepass) und den F\u00fchrerschein der Begleitperson \u00fcberpr\u00fcfen. Weiter sind wir verpflichtet auch Ihren Fahrzeugschein zu pr\u00fcfen.\u00a0 Zudem werden diese Unterlagen w\u00e4hrend der Platzbenutzung als Pfand einbehalten.<\/p>\n<\/div><\/section><\/p>\n","protected":false},"excerpt":{"rendered":"","protected":false},"author":2,"featured_media":0,"parent":0,"menu_order":0,"comment_status":"closed","ping_status":"closed","template":"","meta":{"footnotes":""},"class_list":["post-778","page","type-page","status-publish","hentry"],"yoast_head":"<!-- This site is optimized with the Yoast SEO plugin v27.5 - https:\/\/yoast.com\/product\/yoast-seo-wordpress\/ -->\n<title>Unsere Preise - Verkehrswacht J\u00fclich<\/title>\n<meta name=\"robots\" content=\"index, follow, max-snippet:-1, max-image-preview:large, max-video-preview:-1\" \/>\n<link rel=\"canonical\" href=\"https:\/\/www.verkehrswacht-juelich.de\/?page_id=778\" \/>\n<meta property=\"og:locale\" content=\"de_DE\" \/>\n<meta property=\"og:type\" content=\"article\" \/>\n<meta property=\"og:title\" content=\"Unsere Preise - Verkehrswacht J\u00fclich\" \/>\n<meta property=\"og:url\" content=\"https:\/\/www.verkehrswacht-juelich.de\/?page_id=778\" \/>\n<meta property=\"og:site_name\" content=\"Verkehrswacht J\u00fclich\" \/>\n<meta property=\"article:modified_time\" content=\"2025-12-31T16:28:31+00:00\" \/>\n<meta name=\"twitter:card\" content=\"summary_large_image\" \/>\n<meta name=\"twitter:label1\" content=\"Gesch\u00e4tzte Lesezeit\" \/>\n\t<meta name=\"twitter:data1\" content=\"2\u00a0Minuten\" \/>\n<script type=\"application\/ld+json\" class=\"yoast-schema-graph\">{\"@context\":\"https:\\\/\\\/schema.org\",\"@graph\":[{\"@type\":\"WebPage\",\"@id\":\"https:\\\/\\\/www.verkehrswacht-juelich.de\\\/?page_id=778\",\"url\":\"https:\\\/\\\/www.verkehrswacht-juelich.de\\\/?page_id=778\",\"name\":\"Unsere Preise - Verkehrswacht J\u00fclich\",\"isPartOf\":{\"@id\":\"https:\\\/\\\/www.verkehrswacht-juelich.de\\\/#website\"},\"datePublished\":\"2024-01-17T11:36:45+00:00\",\"dateModified\":\"2025-12-31T16:28:31+00:00\",\"breadcrumb\":{\"@id\":\"https:\\\/\\\/www.verkehrswacht-juelich.de\\\/?page_id=778#breadcrumb\"},\"inLanguage\":\"de\",\"potentialAction\":[{\"@type\":\"ReadAction\",\"target\":[\"https:\\\/\\\/www.verkehrswacht-juelich.de\\\/?page_id=778\"]}]},{\"@type\":\"BreadcrumbList\",\"@id\":\"https:\\\/\\\/www.verkehrswacht-juelich.de\\\/?page_id=778#breadcrumb\",\"itemListElement\":[{\"@type\":\"ListItem\",\"position\":1,\"name\":\"Startseite\",\"item\":\"https:\\\/\\\/www.verkehrswacht-juelich.de\\\/?page_id=19\"},{\"@type\":\"ListItem\",\"position\":2,\"name\":\"Unsere Preise\"}]},{\"@type\":\"WebSite\",\"@id\":\"https:\\\/\\\/www.verkehrswacht-juelich.de\\\/#website\",\"url\":\"https:\\\/\\\/www.verkehrswacht-juelich.de\\\/\",\"name\":\"Verkehrswacht J\u00fclich\",\"description\":\"\",\"potentialAction\":[{\"@type\":\"SearchAction\",\"target\":{\"@type\":\"EntryPoint\",\"urlTemplate\":\"https:\\\/\\\/www.verkehrswacht-juelich.de\\\/?s={search_term_string}\"},\"query-input\":{\"@type\":\"PropertyValueSpecification\",\"valueRequired\":true,\"valueName\":\"search_term_string\"}}],\"inLanguage\":\"de\"}]}<\/script>\n<!-- \/ Yoast SEO plugin. -->","yoast_head_json":{"title":"Unsere Preise - Verkehrswacht J\u00fclich","robots":{"index":"index","follow":"follow","max-snippet":"max-snippet:-1","max-image-preview":"max-image-preview:large","max-video-preview":"max-video-preview:-1"},"canonical":"https:\/\/www.verkehrswacht-juelich.de\/?page_id=778","og_locale":"de_DE","og_type":"article","og_title":"Unsere Preise - Verkehrswacht J\u00fclich","og_url":"https:\/\/www.verkehrswacht-juelich.de\/?page_id=778","og_site_name":"Verkehrswacht J\u00fclich","article_modified_time":"2025-12-31T16:28:31+00:00","twitter_card":"summary_large_image","twitter_misc":{"Gesch\u00e4tzte Lesezeit":"2\u00a0Minuten"},"schema":{"@context":"https:\/\/schema.org","@graph":[{"@type":"WebPage","@id":"https:\/\/www.verkehrswacht-juelich.de\/?page_id=778","url":"https:\/\/www.verkehrswacht-juelich.de\/?page_id=778","name":"Unsere Preise - Verkehrswacht J\u00fclich","isPartOf":{"@id":"https:\/\/www.verkehrswacht-juelich.de\/#website"},"datePublished":"2024-01-17T11:36:45+00:00","dateModified":"2025-12-31T16:28:31+00:00","breadcrumb":{"@id":"https:\/\/www.verkehrswacht-juelich.de\/?page_id=778#breadcrumb"},"inLanguage":"de","potentialAction":[{"@type":"ReadAction","target":["https:\/\/www.verkehrswacht-juelich.de\/?page_id=778"]}]},{"@type":"BreadcrumbList","@id":"https:\/\/www.verkehrswacht-juelich.de\/?page_id=778#breadcrumb","itemListElement":[{"@type":"ListItem","position":1,"name":"Startseite","item":"https:\/\/www.verkehrswacht-juelich.de\/?page_id=19"},{"@type":"ListItem","position":2,"name":"Unsere Preise"}]},{"@type":"WebSite","@id":"https:\/\/www.verkehrswacht-juelich.de\/#website","url":"https:\/\/www.verkehrswacht-juelich.de\/","name":"Verkehrswacht J\u00fclich","description":"","potentialAction":[{"@type":"SearchAction","target":{"@type":"EntryPoint","urlTemplate":"https:\/\/www.verkehrswacht-juelich.de\/?s={search_term_string}"},"query-input":{"@type":"PropertyValueSpecification","valueRequired":true,"valueName":"search_term_string"}}],"inLanguage":"de"}]}},"jetpack_sharing_enabled":true,"_links":{"self":[{"href":"https:\/\/www.verkehrswacht-juelich.de\/index.php?rest_route=\/wp\/v2\/pages\/778","targetHints":{"allow":["GET"]}}],"collection":[{"href":"https:\/\/www.verkehrswacht-juelich.de\/index.php?rest_route=\/wp\/v2\/pages"}],"about":[{"href":"https:\/\/www.verkehrswacht-juelich.de\/index.php?rest_route=\/wp\/v2\/types\/page"}],"author":[{"embeddable":true,"href":"https:\/\/www.verkehrswacht-juelich.de\/index.php?rest_route=\/wp\/v2\/users\/2"}],"replies":[{"embeddable":true,"href":"https:\/\/www.verkehrswacht-juelich.de\/index.php?rest_route=%2Fwp%2Fv2%2Fcomments&post=778"}],"version-history":[{"count":20,"href":"https:\/\/www.verkehrswacht-juelich.de\/index.php?rest_route=\/wp\/v2\/pages\/778\/revisions"}],"predecessor-version":[{"id":1219,"href":"https:\/\/www.verkehrswacht-juelich.de\/index.php?rest_route=\/wp\/v2\/pages\/778\/revisions\/1219"}],"wp:attachment":[{"href":"https:\/\/www.verkehrswacht-juelich.de\/index.php?rest_route=%2Fwp%2Fv2%2Fmedia&parent=778"}],"curies":[{"name":"wp","href":"https:\/\/api.w.org\/{rel}","templated":true}]}}