{"id":746,"date":"2024-01-14T14:59:03","date_gmt":"2024-01-14T14:59:03","guid":{"rendered":"https:\/\/juelich.verkehrswacht.net\/?page_id=746"},"modified":"2024-04-26T21:22:03","modified_gmt":"2024-04-26T20:22:03","slug":"mitglied-werden","status":"publish","type":"page","link":"https:\/\/www.verkehrswacht-juelich.de\/?page_id=746","title":{"rendered":"Mitglied werden"},"content":{"rendered":"<div  class='flex_column av-aft4i-26c52e5de90181d9cc462e2df521db64 av_one_full  avia-builder-el-0  el_before_av_textblock  avia-builder-el-first  first flex_column_div  '     ><p>\n<style type=\"text\/css\" data-created_by=\"avia_inline_auto\" id=\"style-css-av-lrdmdz3c-6b826dd76d84a600cb0468d5b59ce9ab\">\n#top .av-special-heading.av-lrdmdz3c-6b826dd76d84a600cb0468d5b59ce9ab{\npadding-bottom:10px;\n}\nbody .av-special-heading.av-lrdmdz3c-6b826dd76d84a600cb0468d5b59ce9ab .av-special-heading-tag .heading-char{\nfont-size:25px;\n}\n.av-special-heading.av-lrdmdz3c-6b826dd76d84a600cb0468d5b59ce9ab .av-subheading{\nfont-size:15px;\n}\n<\/style>\n<div  class='av-special-heading av-lrdmdz3c-6b826dd76d84a600cb0468d5b59ce9ab av-special-heading-h2 blockquote modern-quote  avia-builder-el-1  el_before_av_hr  avia-builder-el-first '><h2 class='av-special-heading-tag '  itemprop=\"headline\"  >Mitglied werden<\/h2><div class=\"special-heading-border\"><div class=\"special-heading-inner-border\"><\/div><\/div><\/div><br \/>\n\n<style type=\"text\/css\" data-created_by=\"avia_inline_auto\" id=\"style-css-av-a0eca-73cf0ec3b7799d8331970cad3404757f\">\n#top .hr.av-a0eca-73cf0ec3b7799d8331970cad3404757f{\nmargin-top:0px;\nmargin-bottom:30px;\n}\n.hr.av-a0eca-73cf0ec3b7799d8331970cad3404757f .hr-inner{\nwidth:150px;\nborder-color:#02b827;\n}\n<\/style>\n<div  class='hr av-a0eca-73cf0ec3b7799d8331970cad3404757f hr-custom  avia-builder-el-2  el_after_av_heading  avia-builder-el-last  hr-left hr-icon-no'><span class='hr-inner inner-border-av-border-fat'><span class=\"hr-inner-style\"><\/span><\/span><\/div><\/p><\/div>\n\n<style type=\"text\/css\" data-created_by=\"avia_inline_auto\" id=\"style-css-av-lrdmfgct-a2ca5eca241ad0ae79d1b40103f4267a\">\n#top .av_textblock_section.av-lrdmfgct-a2ca5eca241ad0ae79d1b40103f4267a .avia_textblock{\nfont-size:15px;\n}\n<\/style>\n<section  class='av_textblock_section av-lrdmfgct-a2ca5eca241ad0ae79d1b40103f4267a '   itemscope=\"itemscope\" itemtype=\"https:\/\/schema.org\/CreativeWork\" ><div class='avia_textblock'  itemprop=\"text\" ><p>Der Staat allein kann nicht durch den Ausbau der Stra\u00dfen, durch Verkehrsgesetze und Verst\u00e4rkung der polizeilichen \u00dcberwachung ein Allheilmittel gegen das Unfallgeschehen schaffen.<\/p>\n<p>Wir alle m\u00fcssen helfen, den Gemeinsinn zu f\u00f6rdern sowie miteinander und f\u00fcrein\u00adander eine gr\u00f6\u00dfere Verkehrssicherheit anzustreben.<\/p>\n<p>Unterst\u00fctzen Sie uns bei unserer gemeinn\u00fctzigen Arbeit durch Ihre Mitgliedschaft. Die Mitgliedschaft kostet nicht viel. So zahlen Sie als Privatperson lediglich 1,25 \u20ac pro Monat. Dazu erhalten Sie die alle zwei Monate erscheinende Zeitschrift &#8222;mobil und sicher&#8220; &#8211; Das Verkehrswachtmagazin.<\/p>\n<p>Wenn Sie unsere Arbeit durch Ihre Mitgliedschaft unterst\u00fctzen wollen oder sogar als Mitglied aktiv helfen m\u00f6chten, dann drucken Sie sich die Beitrittserkl\u00e4rung aus und senden sie uns zu oder geben sie pers\u00f6nlich in unserer Gesch\u00e4ftsstelle ab. Wir w\u00fcrden uns \u00fcber Ihre Mitgliedschaft und\/oder Mitarbeit sehr freuen.<\/p>\n<\/div><\/section>\n<div  class='flex_column av-tsc2-942af0d57d4a55760a2c2043a0296520 av_two_fifth  avia-builder-el-4  el_after_av_textblock  el_before_av_one_fifth  first flex_column_div  column-top-margin'     ><style type=\"text\/css\" data-created_by=\"avia_inline_auto\" id=\"style-css-av-lryqfx6f-86cb4ec7442fbed54b10247b9d16b030\">\n#top .av_textblock_section.av-lryqfx6f-86cb4ec7442fbed54b10247b9d16b030 .avia_textblock{\nfont-size:20px;\n}\n<\/style>\n<section  class='av_textblock_section av-lryqfx6f-86cb4ec7442fbed54b10247b9d16b030 '   itemscope=\"itemscope\" itemtype=\"https:\/\/schema.org\/CreativeWork\" ><div class='avia_textblock'  itemprop=\"text\" ><p><strong>Hier finden sie unsere Beitrittserkl\u00e4rung! -><\/strong><\/p>\n<\/div><\/section><\/div>\n\n<style type=\"text\/css\" data-created_by=\"avia_inline_auto\" id=\"style-css-av-lryr3ixs-ebb8a7b66b5a902fbe4c87c8ab5ce92b\">\n.flex_column.av-lryr3ixs-ebb8a7b66b5a902fbe4c87c8ab5ce92b{\ntransform:scale(1.1);\nz-index:5;\nborder-width:5px;\nborder-style:solid;\n}\n<\/style>\n<div  class='flex_column av-lryr3ixs-ebb8a7b66b5a902fbe4c87c8ab5ce92b av_one_fifth  avia-builder-el-6  el_after_av_two_fifth  avia-builder-el-last  flex_column_div  column-top-margin'     ><style type=\"text\/css\" data-created_by=\"avia_inline_auto\" id=\"style-css-av-lryqzisg-51a1b2f22f8293c592afb6cb9873b6fb\">\n#top .av_textblock_section.av-lryqzisg-51a1b2f22f8293c592afb6cb9873b6fb .avia_textblock{\ntext-align:left;\n}\n<\/style>\n<section  class='av_textblock_section av-lryqzisg-51a1b2f22f8293c592afb6cb9873b6fb '   itemscope=\"itemscope\" itemtype=\"https:\/\/schema.org\/CreativeWork\" ><div class='avia_textblock'  itemprop=\"text\" ><p><a href=\"https:\/\/www.verkehrswacht-juelich.de\/wp-content\/uploads\/2024\/04\/Beitrittserklaerung.pdf\">Beitrittserkl\u00e4rung 2024<\/a><\/p>\n<\/div><\/section><\/div>\n","protected":false},"excerpt":{"rendered":"","protected":false},"author":2,"featured_media":0,"parent":0,"menu_order":0,"comment_status":"closed","ping_status":"closed","template":"","meta":{"footnotes":""},"class_list":["post-746","page","type-page","status-publish","hentry"],"yoast_head":"<!-- This site is optimized with the Yoast SEO plugin v27.3 - https:\/\/yoast.com\/product\/yoast-seo-wordpress\/ -->\n<title>Mitglied werden - Verkehrswacht J\u00fclich<\/title>\n<meta name=\"robots\" content=\"index, follow, max-snippet:-1, max-image-preview:large, max-video-preview:-1\" \/>\n<link rel=\"canonical\" href=\"https:\/\/www.verkehrswacht-juelich.de\/?page_id=746\" \/>\n<meta property=\"og:locale\" content=\"de_DE\" \/>\n<meta property=\"og:type\" content=\"article\" \/>\n<meta property=\"og:title\" content=\"Mitglied werden - Verkehrswacht J\u00fclich\" \/>\n<meta property=\"og:url\" content=\"https:\/\/www.verkehrswacht-juelich.de\/?page_id=746\" \/>\n<meta property=\"og:site_name\" content=\"Verkehrswacht J\u00fclich\" \/>\n<meta property=\"article:modified_time\" content=\"2024-04-26T20:22:03+00:00\" \/>\n<meta name=\"twitter:card\" content=\"summary_large_image\" \/>\n<meta name=\"twitter:label1\" content=\"Gesch\u00e4tzte Lesezeit\" \/>\n\t<meta name=\"twitter:data1\" content=\"1\u00a0Minute\" \/>\n<script type=\"application\/ld+json\" class=\"yoast-schema-graph\">{\"@context\":\"https:\\\/\\\/schema.org\",\"@graph\":[{\"@type\":\"WebPage\",\"@id\":\"https:\\\/\\\/www.verkehrswacht-juelich.de\\\/?page_id=746\",\"url\":\"https:\\\/\\\/www.verkehrswacht-juelich.de\\\/?page_id=746\",\"name\":\"Mitglied werden - Verkehrswacht J\u00fclich\",\"isPartOf\":{\"@id\":\"https:\\\/\\\/www.verkehrswacht-juelich.de\\\/#website\"},\"datePublished\":\"2024-01-14T14:59:03+00:00\",\"dateModified\":\"2024-04-26T20:22:03+00:00\",\"breadcrumb\":{\"@id\":\"https:\\\/\\\/www.verkehrswacht-juelich.de\\\/?page_id=746#breadcrumb\"},\"inLanguage\":\"de\",\"potentialAction\":[{\"@type\":\"ReadAction\",\"target\":[\"https:\\\/\\\/www.verkehrswacht-juelich.de\\\/?page_id=746\"]}]},{\"@type\":\"BreadcrumbList\",\"@id\":\"https:\\\/\\\/www.verkehrswacht-juelich.de\\\/?page_id=746#breadcrumb\",\"itemListElement\":[{\"@type\":\"ListItem\",\"position\":1,\"name\":\"Startseite\",\"item\":\"https:\\\/\\\/www.verkehrswacht-juelich.de\\\/?page_id=19\"},{\"@type\":\"ListItem\",\"position\":2,\"name\":\"Mitglied werden\"}]},{\"@type\":\"WebSite\",\"@id\":\"https:\\\/\\\/www.verkehrswacht-juelich.de\\\/#website\",\"url\":\"https:\\\/\\\/www.verkehrswacht-juelich.de\\\/\",\"name\":\"Verkehrswacht J\u00fclich\",\"description\":\"\",\"potentialAction\":[{\"@type\":\"SearchAction\",\"target\":{\"@type\":\"EntryPoint\",\"urlTemplate\":\"https:\\\/\\\/www.verkehrswacht-juelich.de\\\/?s={search_term_string}\"},\"query-input\":{\"@type\":\"PropertyValueSpecification\",\"valueRequired\":true,\"valueName\":\"search_term_string\"}}],\"inLanguage\":\"de\"}]}<\/script>\n<!-- \/ Yoast SEO plugin. -->","yoast_head_json":{"title":"Mitglied werden - Verkehrswacht J\u00fclich","robots":{"index":"index","follow":"follow","max-snippet":"max-snippet:-1","max-image-preview":"max-image-preview:large","max-video-preview":"max-video-preview:-1"},"canonical":"https:\/\/www.verkehrswacht-juelich.de\/?page_id=746","og_locale":"de_DE","og_type":"article","og_title":"Mitglied werden - Verkehrswacht J\u00fclich","og_url":"https:\/\/www.verkehrswacht-juelich.de\/?page_id=746","og_site_name":"Verkehrswacht J\u00fclich","article_modified_time":"2024-04-26T20:22:03+00:00","twitter_card":"summary_large_image","twitter_misc":{"Gesch\u00e4tzte Lesezeit":"1\u00a0Minute"},"schema":{"@context":"https:\/\/schema.org","@graph":[{"@type":"WebPage","@id":"https:\/\/www.verkehrswacht-juelich.de\/?page_id=746","url":"https:\/\/www.verkehrswacht-juelich.de\/?page_id=746","name":"Mitglied werden - Verkehrswacht J\u00fclich","isPartOf":{"@id":"https:\/\/www.verkehrswacht-juelich.de\/#website"},"datePublished":"2024-01-14T14:59:03+00:00","dateModified":"2024-04-26T20:22:03+00:00","breadcrumb":{"@id":"https:\/\/www.verkehrswacht-juelich.de\/?page_id=746#breadcrumb"},"inLanguage":"de","potentialAction":[{"@type":"ReadAction","target":["https:\/\/www.verkehrswacht-juelich.de\/?page_id=746"]}]},{"@type":"BreadcrumbList","@id":"https:\/\/www.verkehrswacht-juelich.de\/?page_id=746#breadcrumb","itemListElement":[{"@type":"ListItem","position":1,"name":"Startseite","item":"https:\/\/www.verkehrswacht-juelich.de\/?page_id=19"},{"@type":"ListItem","position":2,"name":"Mitglied werden"}]},{"@type":"WebSite","@id":"https:\/\/www.verkehrswacht-juelich.de\/#website","url":"https:\/\/www.verkehrswacht-juelich.de\/","name":"Verkehrswacht J\u00fclich","description":"","potentialAction":[{"@type":"SearchAction","target":{"@type":"EntryPoint","urlTemplate":"https:\/\/www.verkehrswacht-juelich.de\/?s={search_term_string}"},"query-input":{"@type":"PropertyValueSpecification","valueRequired":true,"valueName":"search_term_string"}}],"inLanguage":"de"}]}},"jetpack_sharing_enabled":true,"_links":{"self":[{"href":"https:\/\/www.verkehrswacht-juelich.de\/index.php?rest_route=\/wp\/v2\/pages\/746","targetHints":{"allow":["GET"]}}],"collection":[{"href":"https:\/\/www.verkehrswacht-juelich.de\/index.php?rest_route=\/wp\/v2\/pages"}],"about":[{"href":"https:\/\/www.verkehrswacht-juelich.de\/index.php?rest_route=\/wp\/v2\/types\/page"}],"author":[{"embeddable":true,"href":"https:\/\/www.verkehrswacht-juelich.de\/index.php?rest_route=\/wp\/v2\/users\/2"}],"replies":[{"embeddable":true,"href":"https:\/\/www.verkehrswacht-juelich.de\/index.php?rest_route=%2Fwp%2Fv2%2Fcomments&post=746"}],"version-history":[{"count":17,"href":"https:\/\/www.verkehrswacht-juelich.de\/index.php?rest_route=\/wp\/v2\/pages\/746\/revisions"}],"predecessor-version":[{"id":961,"href":"https:\/\/www.verkehrswacht-juelich.de\/index.php?rest_route=\/wp\/v2\/pages\/746\/revisions\/961"}],"wp:attachment":[{"href":"https:\/\/www.verkehrswacht-juelich.de\/index.php?rest_route=%2Fwp%2Fv2%2Fmedia&parent=746"}],"curies":[{"name":"wp","href":"https:\/\/api.w.org\/{rel}","templated":true}]}}