{"id":569,"date":"2024-01-08T11:02:40","date_gmt":"2024-01-08T11:02:40","guid":{"rendered":"https:\/\/juelich.verkehrswacht.net\/?page_id=569"},"modified":"2024-09-17T14:45:49","modified_gmt":"2024-09-17T13:45:49","slug":"unsere-aktionen","status":"publish","type":"page","link":"https:\/\/www.verkehrswacht-juelich.de\/?page_id=569","title":{"rendered":"Unsere Aktionen"},"content":{"rendered":"<div  class='flex_column av-2llv95-b2664209510cfd662af6ad74958bf57a av_one_third  avia-builder-el-0  el_before_av_one_third  avia-builder-el-first  first flex_column_div  '     ><p>\n<style type=\"text\/css\" data-created_by=\"avia_inline_auto\" id=\"style-css-av-2gv7qh-dfa8d8c9354c9e2914a0ba8ba279ca14\">\n.avia-image-container.av-2gv7qh-dfa8d8c9354c9e2914a0ba8ba279ca14 img.avia_image{\nbox-shadow:none;\n}\n.avia-image-container.av-2gv7qh-dfa8d8c9354c9e2914a0ba8ba279ca14 .av-image-caption-overlay-center{\ncolor:#ffffff;\n}\n<\/style>\n<div  class='avia-image-container av-2gv7qh-dfa8d8c9354c9e2914a0ba8ba279ca14 av-styling- av-img-linked avia-align-center  avia-builder-el-1  el_before_av_heading  avia-builder-el-first '   itemprop=\"image\" itemscope=\"itemscope\" itemtype=\"https:\/\/schema.org\/ImageObject\" ><div class=\"avia-image-container-inner\"><div class=\"avia-image-overlay-wrap\"><a href=\"https:\/\/www.verkehrswacht-juelich.de\/?page_id=144\" class='avia_image '  ><img decoding=\"async\" fetchpriority=\"high\" class='wp-image-698 avia-img-lazy-loading-not-698 avia_image ' src=\"https:\/\/www.verkehrswacht-juelich.de\/wp-content\/uploads\/2024\/01\/Fahrradboerse-1zu1-495x400.jpg\" alt='Fahrradb\u00f6rse Foto' title=''  height=\"400\" width=\"495\"  itemprop=\"thumbnailUrl\" srcset=\"https:\/\/www.verkehrswacht-juelich.de\/wp-content\/uploads\/2024\/01\/Fahrradboerse-1zu1-495x400.jpg 495w, https:\/\/www.verkehrswacht-juelich.de\/wp-content\/uploads\/2024\/01\/Fahrradboerse-1zu1-845x684.jpg 845w\" sizes=\"(max-width: 495px) 100vw, 495px\" \/><\/a><\/div><\/div><\/div><br \/>\n\n<style type=\"text\/css\" data-created_by=\"avia_inline_auto\" id=\"style-css-av-265ge1-876893840eb59e92e0bf1e15b7c32dac\">\n#top .av-special-heading.av-265ge1-876893840eb59e92e0bf1e15b7c32dac{\npadding-bottom:10px;\n}\nbody .av-special-heading.av-265ge1-876893840eb59e92e0bf1e15b7c32dac .av-special-heading-tag .heading-char{\nfont-size:25px;\n}\n.av-special-heading.av-265ge1-876893840eb59e92e0bf1e15b7c32dac .av-subheading{\nfont-size:15px;\n}\n<\/style>\n<div  class='av-special-heading av-265ge1-876893840eb59e92e0bf1e15b7c32dac av-special-heading-h3 blockquote modern-quote  avia-builder-el-2  el_after_av_image  el_before_av_hr '><h3 class='av-special-heading-tag '  itemprop=\"headline\"  >Fahrradb\u00f6rse<\/h3><div class=\"special-heading-border\"><div class=\"special-heading-inner-border\"><\/div><\/div><\/div><br \/>\n\n<style type=\"text\/css\" data-created_by=\"avia_inline_auto\" id=\"style-css-av-21dh15-29670d5d4e927b85a78454c20625b286\">\n#top .hr.av-21dh15-29670d5d4e927b85a78454c20625b286{\nmargin-bottom:30px;\n}\n.hr.av-21dh15-29670d5d4e927b85a78454c20625b286 .hr-inner{\nwidth:150px;\nborder-color:#02b827;\n}\n<\/style>\n<div  class='hr av-21dh15-29670d5d4e927b85a78454c20625b286 hr-custom  avia-builder-el-3  el_after_av_heading  el_before_av_textblock  hr-left hr-icon-no'><span class='hr-inner inner-border-av-border-thin'><span class=\"hr-inner-style\"><\/span><\/span><\/div><br \/>\n<section  class='av_textblock_section av-1uqbgp-099cfe2d4ff3de7d0d6e33e90f8d31db '   itemscope=\"itemscope\" itemtype=\"https:\/\/schema.org\/CreativeWork\" ><div class='avia_textblock'  itemprop=\"text\" ><p>Unsere Fahrradb\u00f6rse ist eine gro\u00dfartige Gelegenheit, gebrauchte Fahrr\u00e4der und Kinderr\u00fcckhaltesysteme zu kaufen oder zu verkaufen. Eine sichere und preisg\u00fcnstige Option, um sich mit qualitativ hochwertiger Ausr\u00fcstung auszustatten und die Verkehrssicherheit zu f\u00f6rdern.<\/p>\n<\/div><\/section><\/p><\/div><div  class='flex_column av-1tff6x-3a838a2dbbb3d58a5655d1a024ba23b2 av_one_third  avia-builder-el-5  el_after_av_one_third  el_before_av_one_third  flex_column_div  '     ><p>\n<style type=\"text\/css\" data-created_by=\"avia_inline_auto\" id=\"style-css-av-1m54ah-a2f08462f2a8b65de63b5b9ddb2f88ef\">\n.avia-image-container.av-1m54ah-a2f08462f2a8b65de63b5b9ddb2f88ef img.avia_image{\nbox-shadow:none;\n}\n.avia-image-container.av-1m54ah-a2f08462f2a8b65de63b5b9ddb2f88ef .av-image-caption-overlay-center{\ncolor:#ffffff;\n}\n<\/style>\n<div  class='avia-image-container av-1m54ah-a2f08462f2a8b65de63b5b9ddb2f88ef av-styling- avia-align-center  avia-builder-el-6  el_before_av_heading  avia-builder-el-first '   itemprop=\"image\" itemscope=\"itemscope\" itemtype=\"https:\/\/schema.org\/ImageObject\" ><div class=\"avia-image-container-inner\"><div class=\"avia-image-overlay-wrap\"><img decoding=\"async\" fetchpriority=\"high\" class='wp-image-705 avia-img-lazy-loading-not-705 avia_image ' src=\"https:\/\/www.verkehrswacht-juelich.de\/wp-content\/uploads\/2024\/01\/Bus-1zu1-413x400.jpg\" alt='Ehemaligen Informationsmobil der Verkehrswacht' title=''  height=\"400\" width=\"413\"  itemprop=\"thumbnailUrl\" srcset=\"https:\/\/www.verkehrswacht-juelich.de\/wp-content\/uploads\/2024\/01\/Bus-1zu1-413x400.jpg 413w, https:\/\/www.verkehrswacht-juelich.de\/wp-content\/uploads\/2024\/01\/Bus-1zu1-36x36.jpg 36w\" sizes=\"(max-width: 413px) 100vw, 413px\" \/><\/div><\/div><\/div><br \/>\n\n<style type=\"text\/css\" data-created_by=\"avia_inline_auto\" id=\"style-css-av-5aj8h-d18f1ab6b0700fd6ebfd059ec79fd249\">\n#top .av-special-heading.av-5aj8h-d18f1ab6b0700fd6ebfd059ec79fd249{\npadding-bottom:10px;\n}\nbody .av-special-heading.av-5aj8h-d18f1ab6b0700fd6ebfd059ec79fd249 .av-special-heading-tag .heading-char{\nfont-size:25px;\n}\n.av-special-heading.av-5aj8h-d18f1ab6b0700fd6ebfd059ec79fd249 .av-subheading{\nfont-size:15px;\n}\n<\/style>\n<div  class='av-special-heading av-5aj8h-d18f1ab6b0700fd6ebfd059ec79fd249 av-special-heading-h3 blockquote modern-quote  avia-builder-el-7  el_after_av_image  el_before_av_hr '><h3 class='av-special-heading-tag '  itemprop=\"headline\"  >Informationsveranstaltungen<\/h3><div class=\"special-heading-border\"><div class=\"special-heading-inner-border\"><\/div><\/div><\/div><br \/>\n\n<style type=\"text\/css\" data-created_by=\"avia_inline_auto\" id=\"style-css-av-173mgp-6b78626da0bbfc3207f4e4e22c26caad\">\n#top .hr.av-173mgp-6b78626da0bbfc3207f4e4e22c26caad{\nmargin-bottom:30px;\n}\n.hr.av-173mgp-6b78626da0bbfc3207f4e4e22c26caad .hr-inner{\nwidth:260px;\nborder-color:#02b827;\n}\n<\/style>\n<div  class='hr av-173mgp-6b78626da0bbfc3207f4e4e22c26caad hr-custom  avia-builder-el-8  el_after_av_heading  el_before_av_textblock  hr-left hr-icon-no'><span class='hr-inner inner-border-av-border-thin'><span class=\"hr-inner-style\"><\/span><\/span><\/div><br \/>\n<section  class='av_textblock_section av-11yswx-b6e4b99f8ce171ddb17aeff2eb8ee4ea '   itemscope=\"itemscope\" itemtype=\"https:\/\/schema.org\/CreativeWork\" ><div class='avia_textblock'  itemprop=\"text\" ><p>Unsere Informationsveranstaltungen bieten wertvolle Einblicke in Verkehrssicherheitsthemen. Mit Expertenwissen und praktischen Ratschl\u00e4gen sensibilisieren wir f\u00fcr sicheres Verhalten im Stra\u00dfenverkehr. Ebenfalls bieten wir ihnen Seh- und Reaktionstests an.<\/p>\n<\/div><\/section><\/p><\/div><\/p>\n<div  class='flex_column av-wazq1-aac7116fa03ef3e320d9a4152f0fd3d4 av_one_third  avia-builder-el-10  el_after_av_one_third  avia-builder-el-last  flex_column_div  '     ><p>\n<style type=\"text\/css\" data-created_by=\"avia_inline_auto\" id=\"style-css-av-remyh-5a749e35ba67221a8bb1508f49519344\">\n.avia-image-container.av-remyh-5a749e35ba67221a8bb1508f49519344 img.avia_image{\nbox-shadow:none;\n}\n.avia-image-container.av-remyh-5a749e35ba67221a8bb1508f49519344 .av-image-caption-overlay-center{\ncolor:#ffffff;\n}\n<\/style>\n<div  class='avia-image-container av-remyh-5a749e35ba67221a8bb1508f49519344 av-styling- avia-align-center  avia-builder-el-11  el_before_av_heading  avia-builder-el-first '   itemprop=\"image\" itemscope=\"itemscope\" itemtype=\"https:\/\/schema.org\/ImageObject\" ><div class=\"avia-image-container-inner\"><div class=\"avia-image-overlay-wrap\"><img decoding=\"async\" fetchpriority=\"high\" class='wp-image-903 avia-img-lazy-loading-not-903 avia_image ' src=\"https:\/\/www.verkehrswacht-juelich.de\/wp-content\/uploads\/2024\/01\/allgemeines-hinweisschild-ah-33-schule-495x400.jpg\" alt='' title=''  height=\"400\" width=\"495\"  itemprop=\"thumbnailUrl\"  \/><\/div><\/div><\/div><br \/>\n\n<style type=\"text\/css\" data-created_by=\"avia_inline_auto\" id=\"style-css-av-muv4h-ee6dd64a571f17782d279953874bdbea\">\n#top .av-special-heading.av-muv4h-ee6dd64a571f17782d279953874bdbea{\npadding-bottom:10px;\n}\nbody .av-special-heading.av-muv4h-ee6dd64a571f17782d279953874bdbea .av-special-heading-tag .heading-char{\nfont-size:25px;\n}\n.av-special-heading.av-muv4h-ee6dd64a571f17782d279953874bdbea .av-subheading{\nfont-size:15px;\n}\n<\/style>\n<div  class='av-special-heading av-muv4h-ee6dd64a571f17782d279953874bdbea av-special-heading-h3 blockquote modern-quote  avia-builder-el-12  el_after_av_image  el_before_av_hr '><h3 class='av-special-heading-tag '  itemprop=\"headline\"  >Verkehrserziehung<\/h3><div class=\"special-heading-border\"><div class=\"special-heading-inner-border\"><\/div><\/div><\/div><br \/>\n\n<style type=\"text\/css\" data-created_by=\"avia_inline_auto\" id=\"style-css-av-he9yp-af03d26ad930434ddafae5bdf58ec105\">\n#top .hr.av-he9yp-af03d26ad930434ddafae5bdf58ec105{\nmargin-bottom:30px;\n}\n.hr.av-he9yp-af03d26ad930434ddafae5bdf58ec105 .hr-inner{\nwidth:200px;\nborder-color:#02b827;\n}\n<\/style>\n<div  class='hr av-he9yp-af03d26ad930434ddafae5bdf58ec105 hr-custom  avia-builder-el-13  el_after_av_heading  el_before_av_textblock  hr-left hr-icon-no'><span class='hr-inner inner-border-av-border-thin'><span class=\"hr-inner-style\"><\/span><\/span><\/div><br \/>\n<section  class='av_textblock_section av-7rhe9-d340399f3b1fd2ff810ae1da61a3530d '   itemscope=\"itemscope\" itemtype=\"https:\/\/schema.org\/CreativeWork\" ><div class='avia_textblock'  itemprop=\"text\" ><p>Auch unterst\u00fctzen wir mit Schulveranstaltungen zur Verkehrserziehung. Mit interaktiven Aktivit\u00e4ten und Unterrichtsmaterialien f\u00f6rdern wir das Verst\u00e4ndnis f\u00fcr sicheres Verhalten im Stra\u00dfenverkehr bei Sch\u00fcler*innen. So tragen unsere Programme zur fr\u00fchen Bildung von Verkehrssicherheit bei.<\/p>\n<\/div><\/section><\/p><\/div>\n","protected":false},"excerpt":{"rendered":"","protected":false},"author":2,"featured_media":0,"parent":0,"menu_order":0,"comment_status":"closed","ping_status":"closed","template":"","meta":{"footnotes":""},"class_list":["post-569","page","type-page","status-publish","hentry"],"yoast_head":"<!-- This site is optimized with the Yoast SEO plugin v27.3 - https:\/\/yoast.com\/product\/yoast-seo-wordpress\/ -->\n<title>Unsere Aktionen - Verkehrswacht J\u00fclich<\/title>\n<meta name=\"robots\" content=\"index, follow, max-snippet:-1, max-image-preview:large, max-video-preview:-1\" \/>\n<link rel=\"canonical\" href=\"https:\/\/www.verkehrswacht-juelich.de\/?page_id=569\" \/>\n<meta property=\"og:locale\" content=\"de_DE\" \/>\n<meta property=\"og:type\" content=\"article\" \/>\n<meta property=\"og:title\" content=\"Unsere Aktionen - Verkehrswacht J\u00fclich\" \/>\n<meta property=\"og:url\" content=\"https:\/\/www.verkehrswacht-juelich.de\/?page_id=569\" \/>\n<meta property=\"og:site_name\" content=\"Verkehrswacht J\u00fclich\" \/>\n<meta property=\"article:modified_time\" content=\"2024-09-17T13:45:49+00:00\" \/>\n<meta name=\"twitter:card\" content=\"summary_large_image\" \/>\n<meta name=\"twitter:label1\" content=\"Gesch\u00e4tzte Lesezeit\" \/>\n\t<meta name=\"twitter:data1\" content=\"2\u00a0Minuten\" \/>\n<script type=\"application\/ld+json\" class=\"yoast-schema-graph\">{\"@context\":\"https:\\\/\\\/schema.org\",\"@graph\":[{\"@type\":\"WebPage\",\"@id\":\"https:\\\/\\\/www.verkehrswacht-juelich.de\\\/?page_id=569\",\"url\":\"https:\\\/\\\/www.verkehrswacht-juelich.de\\\/?page_id=569\",\"name\":\"Unsere Aktionen - Verkehrswacht J\u00fclich\",\"isPartOf\":{\"@id\":\"https:\\\/\\\/www.verkehrswacht-juelich.de\\\/#website\"},\"datePublished\":\"2024-01-08T11:02:40+00:00\",\"dateModified\":\"2024-09-17T13:45:49+00:00\",\"breadcrumb\":{\"@id\":\"https:\\\/\\\/www.verkehrswacht-juelich.de\\\/?page_id=569#breadcrumb\"},\"inLanguage\":\"de\",\"potentialAction\":[{\"@type\":\"ReadAction\",\"target\":[\"https:\\\/\\\/www.verkehrswacht-juelich.de\\\/?page_id=569\"]}]},{\"@type\":\"BreadcrumbList\",\"@id\":\"https:\\\/\\\/www.verkehrswacht-juelich.de\\\/?page_id=569#breadcrumb\",\"itemListElement\":[{\"@type\":\"ListItem\",\"position\":1,\"name\":\"Startseite\",\"item\":\"https:\\\/\\\/www.verkehrswacht-juelich.de\\\/?page_id=19\"},{\"@type\":\"ListItem\",\"position\":2,\"name\":\"Unsere Aktionen\"}]},{\"@type\":\"WebSite\",\"@id\":\"https:\\\/\\\/www.verkehrswacht-juelich.de\\\/#website\",\"url\":\"https:\\\/\\\/www.verkehrswacht-juelich.de\\\/\",\"name\":\"Verkehrswacht J\u00fclich\",\"description\":\"\",\"potentialAction\":[{\"@type\":\"SearchAction\",\"target\":{\"@type\":\"EntryPoint\",\"urlTemplate\":\"https:\\\/\\\/www.verkehrswacht-juelich.de\\\/?s={search_term_string}\"},\"query-input\":{\"@type\":\"PropertyValueSpecification\",\"valueRequired\":true,\"valueName\":\"search_term_string\"}}],\"inLanguage\":\"de\"}]}<\/script>\n<!-- \/ Yoast SEO plugin. -->","yoast_head_json":{"title":"Unsere Aktionen - Verkehrswacht J\u00fclich","robots":{"index":"index","follow":"follow","max-snippet":"max-snippet:-1","max-image-preview":"max-image-preview:large","max-video-preview":"max-video-preview:-1"},"canonical":"https:\/\/www.verkehrswacht-juelich.de\/?page_id=569","og_locale":"de_DE","og_type":"article","og_title":"Unsere Aktionen - Verkehrswacht J\u00fclich","og_url":"https:\/\/www.verkehrswacht-juelich.de\/?page_id=569","og_site_name":"Verkehrswacht J\u00fclich","article_modified_time":"2024-09-17T13:45:49+00:00","twitter_card":"summary_large_image","twitter_misc":{"Gesch\u00e4tzte Lesezeit":"2\u00a0Minuten"},"schema":{"@context":"https:\/\/schema.org","@graph":[{"@type":"WebPage","@id":"https:\/\/www.verkehrswacht-juelich.de\/?page_id=569","url":"https:\/\/www.verkehrswacht-juelich.de\/?page_id=569","name":"Unsere Aktionen - Verkehrswacht J\u00fclich","isPartOf":{"@id":"https:\/\/www.verkehrswacht-juelich.de\/#website"},"datePublished":"2024-01-08T11:02:40+00:00","dateModified":"2024-09-17T13:45:49+00:00","breadcrumb":{"@id":"https:\/\/www.verkehrswacht-juelich.de\/?page_id=569#breadcrumb"},"inLanguage":"de","potentialAction":[{"@type":"ReadAction","target":["https:\/\/www.verkehrswacht-juelich.de\/?page_id=569"]}]},{"@type":"BreadcrumbList","@id":"https:\/\/www.verkehrswacht-juelich.de\/?page_id=569#breadcrumb","itemListElement":[{"@type":"ListItem","position":1,"name":"Startseite","item":"https:\/\/www.verkehrswacht-juelich.de\/?page_id=19"},{"@type":"ListItem","position":2,"name":"Unsere Aktionen"}]},{"@type":"WebSite","@id":"https:\/\/www.verkehrswacht-juelich.de\/#website","url":"https:\/\/www.verkehrswacht-juelich.de\/","name":"Verkehrswacht J\u00fclich","description":"","potentialAction":[{"@type":"SearchAction","target":{"@type":"EntryPoint","urlTemplate":"https:\/\/www.verkehrswacht-juelich.de\/?s={search_term_string}"},"query-input":{"@type":"PropertyValueSpecification","valueRequired":true,"valueName":"search_term_string"}}],"inLanguage":"de"}]}},"jetpack_sharing_enabled":true,"_links":{"self":[{"href":"https:\/\/www.verkehrswacht-juelich.de\/index.php?rest_route=\/wp\/v2\/pages\/569","targetHints":{"allow":["GET"]}}],"collection":[{"href":"https:\/\/www.verkehrswacht-juelich.de\/index.php?rest_route=\/wp\/v2\/pages"}],"about":[{"href":"https:\/\/www.verkehrswacht-juelich.de\/index.php?rest_route=\/wp\/v2\/types\/page"}],"author":[{"embeddable":true,"href":"https:\/\/www.verkehrswacht-juelich.de\/index.php?rest_route=\/wp\/v2\/users\/2"}],"replies":[{"embeddable":true,"href":"https:\/\/www.verkehrswacht-juelich.de\/index.php?rest_route=%2Fwp%2Fv2%2Fcomments&post=569"}],"version-history":[{"count":15,"href":"https:\/\/www.verkehrswacht-juelich.de\/index.php?rest_route=\/wp\/v2\/pages\/569\/revisions"}],"predecessor-version":[{"id":1003,"href":"https:\/\/www.verkehrswacht-juelich.de\/index.php?rest_route=\/wp\/v2\/pages\/569\/revisions\/1003"}],"wp:attachment":[{"href":"https:\/\/www.verkehrswacht-juelich.de\/index.php?rest_route=%2Fwp%2Fv2%2Fmedia&parent=569"}],"curies":[{"name":"wp","href":"https:\/\/api.w.org\/{rel}","templated":true}]}}