{"id":239,"date":"2015-10-15T13:48:39","date_gmt":"2015-10-15T13:48:39","guid":{"rendered":"http:\/\/wpoffice\/construction\/?page_id=2"},"modified":"2025-12-10T12:10:15","modified_gmt":"2025-12-10T11:10:15","slug":"projects","status":"publish","type":"page","link":"https:\/\/www.verkehrswacht-juelich.de\/?page_id=239","title":{"rendered":"Unser Verkehrs\u00fcbungsplatz"},"content":{"rendered":"<div id='full_slider_1'  class='avia-fullwidth-slider main_color avia-shadow   avia-builder-el-0  el_before_av_one_full  avia-builder-el-first   container_wrap sidebar_right'  ><div  class='avia-slideshow av-looeauv1-d750de9cf2d3c3b98cc10f8ea326a3d6 avia-slideshow-featured av_slideshow_full avia-slide-slider av-slideshow-ui av-control-default av-slideshow-manual av-loop-once av-loop-manual-endless av-default-height-applied   avia-slideshow-1' data-slideshow-options=\"{&quot;animation&quot;:&quot;slide&quot;,&quot;autoplay&quot;:false,&quot;loop_autoplay&quot;:&quot;once&quot;,&quot;interval&quot;:5,&quot;loop_manual&quot;:&quot;manual-endless&quot;,&quot;autoplay_stopper&quot;:false,&quot;noNavigation&quot;:false,&quot;bg_slider&quot;:false,&quot;keep_padding&quot;:false,&quot;hoverpause&quot;:false,&quot;show_slide_delay&quot;:0}\"  itemprop=\"image\" itemscope=\"itemscope\" itemtype=\"https:\/\/schema.org\/ImageObject\" ><ul class='avia-slideshow-inner ' style='padding-bottom: 28.666666666667%;'><li  class='avia-slideshow-slide av-looeauv1-d750de9cf2d3c3b98cc10f8ea326a3d6__0  slide-1 slide-odd'><div data-rel='slideshow-1' class='avia-slide-wrap '   ><img decoding=\"async\" fetchpriority=\"high\" class=\"wp-image-769 avia-img-lazy-loading-not-769\"  src=\"https:\/\/www.verkehrswacht-juelich.de\/wp-content\/uploads\/2024\/01\/Drohnenansicht-hell-1500x430.jpg\" width=\"1500\" height=\"430\" title='Drohnenansicht hell' alt=''  itemprop=\"thumbnailUrl\"   \/><\/div><\/li><li  class='avia-slideshow-slide av-looeauv1-d750de9cf2d3c3b98cc10f8ea326a3d6__1  slide-2 slide-even'><div data-rel='slideshow-1' class='avia-slide-wrap '   ><img decoding=\"async\" fetchpriority=\"high\" class=\"wp-image-770 avia-img-lazy-loading-not-770\"  src=\"https:\/\/www.verkehrswacht-juelich.de\/wp-content\/uploads\/2024\/01\/20200727_211755-1500x430.jpg\" width=\"1500\" height=\"430\" title='20200727_211755' alt=''  itemprop=\"thumbnailUrl\"   \/><\/div><\/li><\/ul><div class='avia-slideshow-arrows avia-slideshow-controls' ><a href='#prev' class='prev-slide  avia-svg-icon avia-font-svg_entypo-fontello' data-av_svg_icon='left-open-big' data-av_iconset='svg_entypo-fontello' tabindex='-1' title=\"Zur\u00fcck\"><svg version=\"1.1\" xmlns=\"http:\/\/www.w3.org\/2000\/svg\" width=\"15\" height=\"32\" viewBox=\"0 0 15 32\" preserveAspectRatio=\"xMidYMid meet\" aria-labelledby='av-svg-title-1' aria-describedby='av-svg-desc-1' role=\"graphics-symbol\" aria-hidden=\"true\">\n<title id='av-svg-title-1'>Zur\u00fcck<\/title>\n<desc id='av-svg-desc-1'>Zur\u00fcck<\/desc>\n<path d=\"M14.464 27.84q0.832 0.832 0 1.536-0.832 0.832-1.536 0l-12.544-12.608q-0.768-0.768 0-1.6l12.544-12.608q0.704-0.832 1.536 0 0.832 0.704 0 1.536l-11.456 11.904z\"><\/path>\n<\/svg><span class='avia_hidden_link_text'>Zur\u00fcck<\/span><\/a><a href='#next' class='next-slide  avia-svg-icon avia-font-svg_entypo-fontello' data-av_svg_icon='right-open-big' data-av_iconset='svg_entypo-fontello' tabindex='-1' title=\"Weiter\"><svg version=\"1.1\" xmlns=\"http:\/\/www.w3.org\/2000\/svg\" width=\"15\" height=\"32\" viewBox=\"0 0 15 32\" preserveAspectRatio=\"xMidYMid meet\" aria-labelledby='av-svg-title-2' aria-describedby='av-svg-desc-2' role=\"graphics-symbol\" aria-hidden=\"true\">\n<title id='av-svg-title-2'>Weiter<\/title>\n<desc id='av-svg-desc-2'>Weiter<\/desc>\n<path d=\"M0.416 27.84l11.456-11.84-11.456-11.904q-0.832-0.832 0-1.536 0.832-0.832 1.536 0l12.544 12.608q0.768 0.832 0 1.6l-12.544 12.608q-0.704 0.832-1.536 0-0.832-0.704 0-1.536z\"><\/path>\n<\/svg><span class='avia_hidden_link_text'>Weiter<\/span><\/a><\/div><div class='avia-slideshow-dots avia-slideshow-controls'><a href='#1' class='goto-slide active' >1<\/a><a href='#2' class='goto-slide ' >2<\/a><\/div><\/div><\/div><div id='after_full_slider_1'  class='main_color av_default_container_wrap container_wrap sidebar_right'  ><div class='container av-section-cont-open' ><div class='template-page content  av-content-small alpha units'><div class='post-entry post-entry-type-page post-entry-239'><div class='entry-content-wrapper clearfix'>\n<div  class='flex_column av-p2s6n-1cdcdfdc1753000e8c348c87d1bbec3a av_one_full  avia-builder-el-1  el_after_av_slideshow_full  el_before_av_one_full  avia-builder-el-first  first flex_column_div  '     ><p>\n<style type=\"text\/css\" data-created_by=\"avia_inline_auto\" id=\"style-css-av-lrhpgiv3-ef476d0786a4648bc94b30bff8d5a961\">\n#top .av-special-heading.av-lrhpgiv3-ef476d0786a4648bc94b30bff8d5a961{\npadding-bottom:10px;\n}\nbody .av-special-heading.av-lrhpgiv3-ef476d0786a4648bc94b30bff8d5a961 .av-special-heading-tag .heading-char{\nfont-size:25px;\n}\n.av-special-heading.av-lrhpgiv3-ef476d0786a4648bc94b30bff8d5a961 .av-subheading{\nfont-size:15px;\n}\n<\/style>\n<div  class='av-special-heading av-lrhpgiv3-ef476d0786a4648bc94b30bff8d5a961 av-special-heading-h2 blockquote modern-quote  avia-builder-el-2  el_before_av_hr  avia-builder-el-first '><h2 class='av-special-heading-tag '  itemprop=\"headline\"  >Unser Verkehrs\u00fcbungsplatz<\/h2><div class=\"special-heading-border\"><div class=\"special-heading-inner-border\"><\/div><\/div><\/div><br \/>\n\n<style type=\"text\/css\" data-created_by=\"avia_inline_auto\" id=\"style-css-av-lrhph8zi-ec3613265d6f054b4393a586c826f878\">\n#top .hr.av-lrhph8zi-ec3613265d6f054b4393a586c826f878{\nmargin-top:0px;\nmargin-bottom:30px;\n}\n.hr.av-lrhph8zi-ec3613265d6f054b4393a586c826f878 .hr-inner{\nwidth:300px;\nborder-color:#02b827;\n}\n<\/style>\n<div  class='hr av-lrhph8zi-ec3613265d6f054b4393a586c826f878 hr-custom  avia-builder-el-3  el_after_av_heading  avia-builder-el-last  hr-left hr-icon-no'><span class='hr-inner inner-border-av-border-fat'><span class=\"hr-inner-style\"><\/span><\/span><\/div><\/p><\/div>\n<div  class='flex_column av-lc81r-9a66f60727aa1d4c9752e12506541270 av_one_full  avia-builder-el-4  el_after_av_one_full  el_before_av_one_half  first flex_column_div  column-top-margin'     ><section  class='av_textblock_section av-lrhq8w54-861eaadb2d78233e53ba65e24b8a31ca '   itemscope=\"itemscope\" itemtype=\"https:\/\/schema.org\/CreativeWork\" ><div class='avia_textblock'  itemprop=\"text\" ><p>Auf einer Fl\u00e4che von \u00fcber 40.000 qm wurde das Gel\u00e4nde des Verkehrs\u00fcbungsplatzes so gestaltet, dass durch eine <strong>Vielzahl von \u00dcbungsm\u00f6glichkeiten<\/strong> f\u00fcr Autofahrer als auch f\u00fcr Zweiradfahrer sowohl die Fahranf\u00e4nger als auch die &#8222;Wiedereinsteiger&#8220; im Schonraum an realit\u00e4ts- und verkehrsnahe Bedingungen zu <strong>g\u00fcnstigen Konditionen<\/strong> herangef\u00fchrt werden k\u00f6nnen.<\/p>\n<p>Insbesondere die Ein- und Ausfahrt und das Verhalten im <strong>Kreisverkehr<\/strong>, das\u00a0<strong>Anfahren<\/strong> an einer Bergstrecke,\u00a0<strong>Einparken\u00a0<\/strong>im L\u00e4ngs- und Querverkehr,\u00a0<strong>Wenden<\/strong> auf begrenzten Platzm\u00f6glichkeiten, das\u00a0<strong>Abbiegen<\/strong> unter Beachtung vorgegebener Verkehrszeichen, bieten eine fast unbegrenzte \u00dcbungsvielfalt.<\/p>\n<\/div><\/section><\/div>\n<div  class='flex_column av-1i0mn-9a94a58f7093eacbae0e5e2356142a02 av_one_half  avia-builder-el-6  el_after_av_one_full  el_before_av_one_half  first flex_column_div  column-top-margin'     ><p>\n<style type=\"text\/css\" data-created_by=\"avia_inline_auto\" id=\"style-css-av-lrhpil7n-56d7c346c1e58d5a09fbf3fb9820a24d\">\n#top .av-special-heading.av-lrhpil7n-56d7c346c1e58d5a09fbf3fb9820a24d{\npadding-bottom:10px;\n}\nbody .av-special-heading.av-lrhpil7n-56d7c346c1e58d5a09fbf3fb9820a24d .av-special-heading-tag .heading-char{\nfont-size:25px;\n}\n.av-special-heading.av-lrhpil7n-56d7c346c1e58d5a09fbf3fb9820a24d .av-subheading{\nfont-size:15px;\n}\n<\/style>\n<div  class='av-special-heading av-lrhpil7n-56d7c346c1e58d5a09fbf3fb9820a24d av-special-heading-h3 blockquote modern-quote  avia-builder-el-7  el_before_av_hr  avia-builder-el-first '><h3 class='av-special-heading-tag '  itemprop=\"headline\"  >Was sie brauchen<\/h3><div class=\"special-heading-border\"><div class=\"special-heading-inner-border\"><\/div><\/div><\/div><br \/>\n\n<style type=\"text\/css\" data-created_by=\"avia_inline_auto\" id=\"style-css-av-lrhrk59w-58e373a17efd42fafd0e7f74530052bb\">\n#top .hr.av-lrhrk59w-58e373a17efd42fafd0e7f74530052bb{\nmargin-top:0;\nmargin-bottom:30px;\n}\n.hr.av-lrhrk59w-58e373a17efd42fafd0e7f74530052bb .hr-inner{\nwidth:150px;\nborder-color:#02b827;\n}\n<\/style>\n<div  class='hr av-lrhrk59w-58e373a17efd42fafd0e7f74530052bb hr-custom  avia-builder-el-8  el_after_av_heading  el_before_av_textblock  hr-left hr-icon-no'><span class='hr-inner inner-border-av-border-fat'><span class=\"hr-inner-style\"><\/span><\/span><\/div><br \/>\n<section  class='av_textblock_section av-lrhrgti6-93be3ba591cf3c89833bff498a8bf593 '   itemscope=\"itemscope\" itemtype=\"https:\/\/schema.org\/CreativeWork\" ><div class='avia_textblock'  itemprop=\"text\" ><ul>\n<li>Zum Fahren\/\u00dcben gilt ein Mindestalter von mindestens 16 Jahren (Original Personalausweis mitbringen)<\/li>\n<li>Einen Beifahrer\/Begleitperson mit einer mindestens ein Jahr g\u00fcltigen Fahrerlaubnis in der EU (Original Personalausweis und original F\u00fchrerschein mitbringen)<\/li>\n<li>Original Fahrzeugschein f\u00fcr das verwendete Fahrzeug<\/li>\n<li>Bei Verwendung des digitalen Fahrzeugscheines I-Kfz gilt ausschlie\u00dflich nur die offizielle App des KBA<\/li>\n<li>Das Kennzeichen und die Halterdaten sind dem Kassenhauspersonal so zu zeigen, dass die Daten f\u00fcr die Zwecke der Nutzung des Platzes erfasst werden k\u00f6nnen.<\/li>\n<li>Ein verkehrssicheres Fahrzeug<\/li>\n<li>Sie M\u00dcSSEN die <a href=\"https:\/\/www.verkehrswacht-juelich.de\/?page_id=781\">Platzordnung<\/a> lesen, da sie dieser beim Befahren des Platzes AUTOMATISCH zustimmen<\/li>\n<\/ul>\n<\/div><\/section><\/p><\/div><div  class='flex_column av-bgnw7-dd35d5f1c001288c7dbeceec3cf3eb72 av_one_half  avia-builder-el-10  el_after_av_one_half  avia-builder-el-last  flex_column_div  column-top-margin'     ><p>\n<style type=\"text\/css\" data-created_by=\"avia_inline_auto\" id=\"style-css-av-lrhpj1bv-670ed0d39da01cabcd166c366f5d8428\">\n#top .av-special-heading.av-lrhpj1bv-670ed0d39da01cabcd166c366f5d8428{\npadding-bottom:10px;\n}\nbody .av-special-heading.av-lrhpj1bv-670ed0d39da01cabcd166c366f5d8428 .av-special-heading-tag .heading-char{\nfont-size:25px;\n}\n.av-special-heading.av-lrhpj1bv-670ed0d39da01cabcd166c366f5d8428 .av-subheading{\nfont-size:15px;\n}\n<\/style>\n<div  class='av-special-heading av-lrhpj1bv-670ed0d39da01cabcd166c366f5d8428 av-special-heading-h3 blockquote modern-quote  avia-builder-el-11  el_before_av_hr  avia-builder-el-first '><h3 class='av-special-heading-tag '  itemprop=\"headline\"  >Wir bieten ihnen<\/h3><div class=\"special-heading-border\"><div class=\"special-heading-inner-border\"><\/div><\/div><\/div><br \/>\n\n<style type=\"text\/css\" data-created_by=\"avia_inline_auto\" id=\"style-css-av-lrhrkfiv-e2d1488359e7a6e249848557baa37012\">\n#top .hr.av-lrhrkfiv-e2d1488359e7a6e249848557baa37012{\nmargin-top:0px;\nmargin-bottom:30px;\n}\n.hr.av-lrhrkfiv-e2d1488359e7a6e249848557baa37012 .hr-inner{\nwidth:150px;\nborder-color:#02b827;\n}\n<\/style>\n<div  class='hr av-lrhrkfiv-e2d1488359e7a6e249848557baa37012 hr-custom  avia-builder-el-12  el_after_av_heading  el_before_av_textblock  hr-left hr-icon-no'><span class='hr-inner inner-border-av-border-fat'><span class=\"hr-inner-style\"><\/span><\/span><\/div><br \/>\n<section  class='av_textblock_section av-lrhrjem9-47f0beb64b7b0351255e1cb174620c8b '   itemscope=\"itemscope\" itemtype=\"https:\/\/schema.org\/CreativeWork\" ><div class='avia_textblock'  itemprop=\"text\" ><ul>\n<li>Eine realit\u00e4tsnahe Fahrerfahrung im sicheren Umfeld<\/li>\n<li>Eine <a href=\"https:\/\/www.verkehrswacht-juelich.de\/?page_id=778\">faire Preisgestaltung<\/a><\/li>\n<li>Eine im Preis inbegriffene Haftpflichtversicherung<\/li>\n<li>Verschiedene \u00dcbungsm\u00f6glichkeiten<\/li>\n<\/ul>\n<\/div><\/section><\/p><\/div><\/p>\n","protected":false},"excerpt":{"rendered":"","protected":false},"author":2,"featured_media":0,"parent":0,"menu_order":0,"comment_status":"closed","ping_status":"closed","template":"","meta":{"footnotes":""},"class_list":["post-239","page","type-page","status-publish","hentry"],"yoast_head":"<!-- This site is optimized with the Yoast SEO plugin v27.3 - https:\/\/yoast.com\/product\/yoast-seo-wordpress\/ -->\n<title>Unser Verkehrs\u00fcbungsplatz - Verkehrswacht J\u00fclich<\/title>\n<meta name=\"robots\" content=\"index, follow, max-snippet:-1, max-image-preview:large, max-video-preview:-1\" \/>\n<link rel=\"canonical\" href=\"https:\/\/www.verkehrswacht-juelich.de\/?page_id=239\" \/>\n<meta property=\"og:locale\" content=\"de_DE\" \/>\n<meta property=\"og:type\" content=\"article\" \/>\n<meta property=\"og:title\" content=\"Unser Verkehrs\u00fcbungsplatz - Verkehrswacht J\u00fclich\" \/>\n<meta property=\"og:url\" content=\"https:\/\/www.verkehrswacht-juelich.de\/?page_id=239\" \/>\n<meta property=\"og:site_name\" content=\"Verkehrswacht J\u00fclich\" \/>\n<meta property=\"article:modified_time\" content=\"2025-12-10T11:10:15+00:00\" \/>\n<meta name=\"twitter:card\" content=\"summary_large_image\" \/>\n<meta name=\"twitter:label1\" content=\"Gesch\u00e4tzte Lesezeit\" \/>\n\t<meta name=\"twitter:data1\" content=\"2\u00a0Minuten\" \/>\n<script type=\"application\/ld+json\" class=\"yoast-schema-graph\">{\"@context\":\"https:\\\/\\\/schema.org\",\"@graph\":[{\"@type\":\"WebPage\",\"@id\":\"https:\\\/\\\/www.verkehrswacht-juelich.de\\\/?page_id=239\",\"url\":\"https:\\\/\\\/www.verkehrswacht-juelich.de\\\/?page_id=239\",\"name\":\"Unser Verkehrs\u00fcbungsplatz - Verkehrswacht J\u00fclich\",\"isPartOf\":{\"@id\":\"https:\\\/\\\/www.verkehrswacht-juelich.de\\\/#website\"},\"datePublished\":\"2015-10-15T13:48:39+00:00\",\"dateModified\":\"2025-12-10T11:10:15+00:00\",\"breadcrumb\":{\"@id\":\"https:\\\/\\\/www.verkehrswacht-juelich.de\\\/?page_id=239#breadcrumb\"},\"inLanguage\":\"de\",\"potentialAction\":[{\"@type\":\"ReadAction\",\"target\":[\"https:\\\/\\\/www.verkehrswacht-juelich.de\\\/?page_id=239\"]}]},{\"@type\":\"BreadcrumbList\",\"@id\":\"https:\\\/\\\/www.verkehrswacht-juelich.de\\\/?page_id=239#breadcrumb\",\"itemListElement\":[{\"@type\":\"ListItem\",\"position\":1,\"name\":\"Startseite\",\"item\":\"https:\\\/\\\/www.verkehrswacht-juelich.de\\\/?page_id=19\"},{\"@type\":\"ListItem\",\"position\":2,\"name\":\"Unser Verkehrs\u00fcbungsplatz\"}]},{\"@type\":\"WebSite\",\"@id\":\"https:\\\/\\\/www.verkehrswacht-juelich.de\\\/#website\",\"url\":\"https:\\\/\\\/www.verkehrswacht-juelich.de\\\/\",\"name\":\"Verkehrswacht J\u00fclich\",\"description\":\"\",\"potentialAction\":[{\"@type\":\"SearchAction\",\"target\":{\"@type\":\"EntryPoint\",\"urlTemplate\":\"https:\\\/\\\/www.verkehrswacht-juelich.de\\\/?s={search_term_string}\"},\"query-input\":{\"@type\":\"PropertyValueSpecification\",\"valueRequired\":true,\"valueName\":\"search_term_string\"}}],\"inLanguage\":\"de\"}]}<\/script>\n<!-- \/ Yoast SEO plugin. -->","yoast_head_json":{"title":"Unser Verkehrs\u00fcbungsplatz - Verkehrswacht J\u00fclich","robots":{"index":"index","follow":"follow","max-snippet":"max-snippet:-1","max-image-preview":"max-image-preview:large","max-video-preview":"max-video-preview:-1"},"canonical":"https:\/\/www.verkehrswacht-juelich.de\/?page_id=239","og_locale":"de_DE","og_type":"article","og_title":"Unser Verkehrs\u00fcbungsplatz - Verkehrswacht J\u00fclich","og_url":"https:\/\/www.verkehrswacht-juelich.de\/?page_id=239","og_site_name":"Verkehrswacht J\u00fclich","article_modified_time":"2025-12-10T11:10:15+00:00","twitter_card":"summary_large_image","twitter_misc":{"Gesch\u00e4tzte Lesezeit":"2\u00a0Minuten"},"schema":{"@context":"https:\/\/schema.org","@graph":[{"@type":"WebPage","@id":"https:\/\/www.verkehrswacht-juelich.de\/?page_id=239","url":"https:\/\/www.verkehrswacht-juelich.de\/?page_id=239","name":"Unser Verkehrs\u00fcbungsplatz - Verkehrswacht J\u00fclich","isPartOf":{"@id":"https:\/\/www.verkehrswacht-juelich.de\/#website"},"datePublished":"2015-10-15T13:48:39+00:00","dateModified":"2025-12-10T11:10:15+00:00","breadcrumb":{"@id":"https:\/\/www.verkehrswacht-juelich.de\/?page_id=239#breadcrumb"},"inLanguage":"de","potentialAction":[{"@type":"ReadAction","target":["https:\/\/www.verkehrswacht-juelich.de\/?page_id=239"]}]},{"@type":"BreadcrumbList","@id":"https:\/\/www.verkehrswacht-juelich.de\/?page_id=239#breadcrumb","itemListElement":[{"@type":"ListItem","position":1,"name":"Startseite","item":"https:\/\/www.verkehrswacht-juelich.de\/?page_id=19"},{"@type":"ListItem","position":2,"name":"Unser Verkehrs\u00fcbungsplatz"}]},{"@type":"WebSite","@id":"https:\/\/www.verkehrswacht-juelich.de\/#website","url":"https:\/\/www.verkehrswacht-juelich.de\/","name":"Verkehrswacht J\u00fclich","description":"","potentialAction":[{"@type":"SearchAction","target":{"@type":"EntryPoint","urlTemplate":"https:\/\/www.verkehrswacht-juelich.de\/?s={search_term_string}"},"query-input":{"@type":"PropertyValueSpecification","valueRequired":true,"valueName":"search_term_string"}}],"inLanguage":"de"}]}},"jetpack_sharing_enabled":true,"_links":{"self":[{"href":"https:\/\/www.verkehrswacht-juelich.de\/index.php?rest_route=\/wp\/v2\/pages\/239","targetHints":{"allow":["GET"]}}],"collection":[{"href":"https:\/\/www.verkehrswacht-juelich.de\/index.php?rest_route=\/wp\/v2\/pages"}],"about":[{"href":"https:\/\/www.verkehrswacht-juelich.de\/index.php?rest_route=\/wp\/v2\/types\/page"}],"author":[{"embeddable":true,"href":"https:\/\/www.verkehrswacht-juelich.de\/index.php?rest_route=\/wp\/v2\/users\/2"}],"replies":[{"embeddable":true,"href":"https:\/\/www.verkehrswacht-juelich.de\/index.php?rest_route=%2Fwp%2Fv2%2Fcomments&post=239"}],"version-history":[{"count":26,"href":"https:\/\/www.verkehrswacht-juelich.de\/index.php?rest_route=\/wp\/v2\/pages\/239\/revisions"}],"predecessor-version":[{"id":1213,"href":"https:\/\/www.verkehrswacht-juelich.de\/index.php?rest_route=\/wp\/v2\/pages\/239\/revisions\/1213"}],"wp:attachment":[{"href":"https:\/\/www.verkehrswacht-juelich.de\/index.php?rest_route=%2Fwp%2Fv2%2Fmedia&parent=239"}],"curies":[{"name":"wp","href":"https:\/\/api.w.org\/{rel}","templated":true}]}}