{"id":23,"date":"2015-10-15T15:32:40","date_gmt":"2015-10-15T15:32:40","guid":{"rendered":"http:\/\/wpoffice\/construction\/?page_id=23"},"modified":"2025-01-29T16:26:07","modified_gmt":"2025-01-29T15:26:07","slug":"kontakt","status":"publish","type":"page","link":"https:\/\/www.verkehrswacht-juelich.de\/?page_id=23","title":{"rendered":"Kontakt"},"content":{"rendered":"\n<style type=\"text\/css\" data-created_by=\"avia_inline_auto\" id=\"style-css-av-9g6mf-340380c49bb870f97379be08394d0f08\">\n.flex_column.av-9g6mf-340380c49bb870f97379be08394d0f08{\nborder-radius:0px 0px 0px 0px;\npadding:0px 0px 0px 0px;\n}\n<\/style>\n<div  class='flex_column av-9g6mf-340380c49bb870f97379be08394d0f08 av_two_third  avia-builder-el-0  el_before_av_one_third  avia-builder-el-first  first flex_column_div av-animated-generic bottom-to-top av-zero-column-padding  '     ><p>\n<style type=\"text\/css\" data-created_by=\"avia_inline_auto\" id=\"style-css-av-8oi0n-a2299289be5384fbcfffeb0b900594c9\">\n#top .av-special-heading.av-8oi0n-a2299289be5384fbcfffeb0b900594c9{\npadding-bottom:0;\n}\nbody .av-special-heading.av-8oi0n-a2299289be5384fbcfffeb0b900594c9 .av-special-heading-tag .heading-char{\nfont-size:25px;\n}\n.av-special-heading.av-8oi0n-a2299289be5384fbcfffeb0b900594c9 .av-subheading{\nfont-size:15px;\n}\n<\/style>\n<div  class='av-special-heading av-8oi0n-a2299289be5384fbcfffeb0b900594c9 av-special-heading-h3 custom-color-heading blockquote modern-quote  avia-builder-el-1  el_before_av_hr  avia-builder-el-first '><h3 class='av-special-heading-tag '  itemprop=\"headline\"  >Kontaktieren sie uns<\/h3><div class=\"special-heading-border\"><div class=\"special-heading-inner-border\"><\/div><\/div><\/div><br \/>\n\n<style type=\"text\/css\" data-created_by=\"avia_inline_auto\" id=\"style-css-av-lr4ojob5-e518f28ae24237378e6554768ad0fa22\">\n#top .hr.av-lr4ojob5-e518f28ae24237378e6554768ad0fa22{\nmargin-top:10px;\nmargin-bottom:30px;\n}\n.hr.av-lr4ojob5-e518f28ae24237378e6554768ad0fa22 .hr-inner{\nwidth:240px;\nborder-color:#02b827;\n}\n<\/style>\n<div  class='hr av-lr4ojob5-e518f28ae24237378e6554768ad0fa22 hr-custom  avia-builder-el-2  el_after_av_heading  el_before_av_heading  hr-left hr-icon-no'><span class='hr-inner inner-border-av-border-fat'><span class=\"hr-inner-style\"><\/span><\/span><\/div><br \/>\n\n<style type=\"text\/css\" data-created_by=\"avia_inline_auto\" id=\"style-css-av-lr4pkj2n-d5285dde4e0a8d49ad5f03ac492d8c89\">\n#top .av-special-heading.av-lr4pkj2n-d5285dde4e0a8d49ad5f03ac492d8c89{\npadding-bottom:10px;\ncolor:#02b827;\n}\nbody .av-special-heading.av-lr4pkj2n-d5285dde4e0a8d49ad5f03ac492d8c89 .av-special-heading-tag .heading-char{\nfont-size:25px;\n}\n.av-special-heading.av-lr4pkj2n-d5285dde4e0a8d49ad5f03ac492d8c89 .special-heading-inner-border{\nborder-color:#02b827;\n}\n.av-special-heading.av-lr4pkj2n-d5285dde4e0a8d49ad5f03ac492d8c89 .av-subheading{\nfont-size:15px;\n}\n<\/style>\n<div  class='av-special-heading av-lr4pkj2n-d5285dde4e0a8d49ad5f03ac492d8c89 av-special-heading-h3 custom-color-heading blockquote modern-quote  avia-builder-el-3  el_after_av_hr  el_before_av_image '><h3 class='av-special-heading-tag '  itemprop=\"headline\"  >Unsere Gesch\u00e4ftsstelle<\/h3><div class=\"special-heading-border\"><div class=\"special-heading-inner-border\"><\/div><\/div><\/div><br \/>\n\n<style type=\"text\/css\" data-created_by=\"avia_inline_auto\" id=\"style-css-av-lr4pl9qd-0a49a73907bb0c47389263e568016617\">\n.avia-image-container.av-lr4pl9qd-0a49a73907bb0c47389263e568016617 img.avia_image{\nbox-shadow:none;\n}\n.avia-image-container.av-lr4pl9qd-0a49a73907bb0c47389263e568016617 .av-image-caption-overlay-center{\ncolor:#ffffff;\n}\n<\/style>\n<div  class='avia-image-container av-lr4pl9qd-0a49a73907bb0c47389263e568016617 av-styling- avia-align-left  avia-builder-el-4  el_after_av_heading  el_before_av_hr '   itemprop=\"image\" itemscope=\"itemscope\" itemtype=\"https:\/\/schema.org\/ImageObject\" ><div class=\"avia-image-container-inner\"><div class=\"avia-image-overlay-wrap\"><img decoding=\"async\" fetchpriority=\"high\" class='wp-image-763 avia-img-lazy-loading-not-763 avia_image ' src=\"https:\/\/www.verkehrswacht-juelich.de\/wp-content\/uploads\/2024\/01\/Geschaeftstelle-1zu1-300x300.png\" alt='Unsere Gesch\u00e4ftsstelle' title=''  height=\"300\" width=\"300\"  itemprop=\"thumbnailUrl\" srcset=\"https:\/\/www.verkehrswacht-juelich.de\/wp-content\/uploads\/2024\/01\/Geschaeftstelle-1zu1-300x300.png 300w, https:\/\/www.verkehrswacht-juelich.de\/wp-content\/uploads\/2024\/01\/Geschaeftstelle-1zu1-1030x1030.png 1030w, https:\/\/www.verkehrswacht-juelich.de\/wp-content\/uploads\/2024\/01\/Geschaeftstelle-1zu1-80x80.png 80w, https:\/\/www.verkehrswacht-juelich.de\/wp-content\/uploads\/2024\/01\/Geschaeftstelle-1zu1-768x768.png 768w, https:\/\/www.verkehrswacht-juelich.de\/wp-content\/uploads\/2024\/01\/Geschaeftstelle-1zu1-1536x1536.png 1536w, https:\/\/www.verkehrswacht-juelich.de\/wp-content\/uploads\/2024\/01\/Geschaeftstelle-1zu1-36x36.png 36w, https:\/\/www.verkehrswacht-juelich.de\/wp-content\/uploads\/2024\/01\/Geschaeftstelle-1zu1-180x180.png 180w, https:\/\/www.verkehrswacht-juelich.de\/wp-content\/uploads\/2024\/01\/Geschaeftstelle-1zu1-1500x1500.png 1500w, https:\/\/www.verkehrswacht-juelich.de\/wp-content\/uploads\/2024\/01\/Geschaeftstelle-1zu1-705x705.png 705w, https:\/\/www.verkehrswacht-juelich.de\/wp-content\/uploads\/2024\/01\/Geschaeftstelle-1zu1.png 1960w\" sizes=\"(max-width: 300px) 100vw, 300px\" \/><\/div><\/div><\/div><br \/>\n\n<style type=\"text\/css\" data-created_by=\"avia_inline_auto\" id=\"style-css-av-7uedj-e01ea9315e7be65a2c9fb7df7373f8d0\">\n#top .hr.av-7uedj-e01ea9315e7be65a2c9fb7df7373f8d0{\nmargin-top:10px;\nmargin-bottom:10px;\n}\n.hr.av-7uedj-e01ea9315e7be65a2c9fb7df7373f8d0 .hr-inner{\nwidth:250px;\nborder-color:#02b827;\n}\n<\/style>\n<div  class='hr av-7uedj-e01ea9315e7be65a2c9fb7df7373f8d0 hr-custom  avia-builder-el-5  el_after_av_image  el_before_av_textblock  hr-left hr-icon-no'><span class='hr-inner inner-border-av-border-fat'><span class=\"hr-inner-style\"><\/span><\/span><\/div><br \/>\n<section  class='av_textblock_section av-lr4ph8h7-162de89a5ea46179121da47854a8d818 '   itemscope=\"itemscope\" itemtype=\"https:\/\/schema.org\/CreativeWork\" ><div class='avia_textblock'  itemprop=\"text\" ><p>Ihr Ansprechpartner bei uns ist die Gesch\u00e4ftsstelle. Mit ihrer freundlichen Art nimmt sie Ihre Anrufe gerne entgegen und steht Ihnen mit Rat und Tat zur Seite. Wir sind stets darauf bedacht, Ihnen bestm\u00f6glich weiterzuhelfen. Z\u00f6gern Sie nicht, uns zu kontaktieren!<\/p>\n<p>Wir freuen uns darauf, von Ihnen zu h\u00f6ren!<\/p>\n<p>Unsere Gesch\u00e4ftsstelle ist Montag bis Freitag, von 8:30-12:30 Uhr f\u00fcr sie ge\u00f6ffnet.<\/p>\n<\/div><\/section><br \/>\n\n<style type=\"text\/css\" data-created_by=\"avia_inline_auto\" id=\"style-css-av-lr4ra0e0-0483772802332c3f327d6b427c38c179\">\n#top .hr.av-lr4ra0e0-0483772802332c3f327d6b427c38c179{\nmargin-top:10px;\nmargin-bottom:30px;\n}\n.hr.av-lr4ra0e0-0483772802332c3f327d6b427c38c179 .hr-inner{\nwidth:1400px;\nborder-color:#02b827;\n}\n<\/style>\n<div  class='hr av-lr4ra0e0-0483772802332c3f327d6b427c38c179 hr-custom  avia-builder-el-7  el_after_av_textblock  avia-builder-el-last  hr-left hr-icon-no'><span class='hr-inner inner-border-av-border-fat'><span class=\"hr-inner-style\"><\/span><\/span><\/div><\/p><\/div>\n\n<style type=\"text\/css\" data-created_by=\"avia_inline_auto\" id=\"style-css-av-3tpnn-df68c5e5375555053037e9dca57ebdf8\">\n.flex_column.av-3tpnn-df68c5e5375555053037e9dca57ebdf8{\nborder-radius:0px 0px 0px 0px;\npadding:0px 0px 0px 0px;\n}\n<\/style>\n<div  class='flex_column av-3tpnn-df68c5e5375555053037e9dca57ebdf8 av_one_third  avia-builder-el-8  el_after_av_two_third  el_before_av_layout_row  avia-builder-el-last  flex_column_div av-animated-generic bottom-to-top av-zero-column-padding  '     ><p>\n<style type=\"text\/css\" data-created_by=\"avia_inline_auto\" id=\"style-css-av-3keuv-563691d633b7126cbf96f22e5b52ca96\">\n#top .av-special-heading.av-3keuv-563691d633b7126cbf96f22e5b52ca96{\npadding-bottom:0;\n}\nbody .av-special-heading.av-3keuv-563691d633b7126cbf96f22e5b52ca96 .av-special-heading-tag .heading-char{\nfont-size:25px;\n}\n.av-special-heading.av-3keuv-563691d633b7126cbf96f22e5b52ca96 .av-subheading{\nfont-size:15px;\n}\n<\/style>\n<div  class='av-special-heading av-3keuv-563691d633b7126cbf96f22e5b52ca96 av-special-heading-h3 blockquote modern-quote  avia-builder-el-9  el_before_av_hr  avia-builder-el-first '><h3 class='av-special-heading-tag '  itemprop=\"headline\"  >Unsere Kontaktdaten<\/h3><div class=\"special-heading-border\"><div class=\"special-heading-inner-border\"><\/div><\/div><\/div><br \/>\n\n<style type=\"text\/css\" data-created_by=\"avia_inline_auto\" id=\"style-css-av-2k5lz-5ee157a85d5da7d2bd85de6e28e70d2f\">\n#top .hr.av-2k5lz-5ee157a85d5da7d2bd85de6e28e70d2f{\nmargin-top:10px;\nmargin-bottom:10px;\n}\n.hr.av-2k5lz-5ee157a85d5da7d2bd85de6e28e70d2f .hr-inner{\nwidth:50px;\nborder-color:#02b827;\n}\n<\/style>\n<div  class='hr av-2k5lz-5ee157a85d5da7d2bd85de6e28e70d2f hr-custom  avia-builder-el-10  el_after_av_heading  el_before_av_textblock  hr-left hr-icon-no'><span class='hr-inner inner-border-av-border-fat'><span class=\"hr-inner-style\"><\/span><\/span><\/div><br \/>\n<section  class='av_textblock_section av-15ewv-e3698bc4f07ec1c9ef60fccb0596caba '   itemscope=\"itemscope\" itemtype=\"https:\/\/schema.org\/CreativeWork\" ><div class='avia_textblock'  itemprop=\"text\" ><p><strong>Addresse:<\/strong><br \/>\nGenossenschaftsweg 1<br \/>\n52428 J\u00fclich<\/p>\n<p><strong>E-Mail:<\/strong><br \/>\ngeschaeftsstelle@verkehrswacht.net<br \/>\nfahrsicherheitstraining@verkehrswacht.net<\/p>\n<p><strong>Tel.:<\/strong><\/p>\n<p>02461 \/ 56242<\/p>\n<\/div><\/section><\/p><\/div><\/div><\/div><\/div><!-- close content main div --><\/div><\/div><div id='av-layout-grid-1'  class='av-layout-grid-container av-av_layout_row-325ce2e38aac28dc3eb30ca8390c96f4 entry-content-wrapper main_color av-flex-cells  avia-builder-el-12  el_after_av_one_third  avia-builder-el-last  grid-row-not-first  container_wrap sidebar_right'  >\n<div class='flex_cell av-av_cell_one_half-9049ca77cd381b8eb45853defb5676d4 av-gridrow-cell av_one_half no_margin  avia-builder-el-13  el_before_av_cell_one_half  avia-builder-el-first '  ><div class='flex_cell_inner'><\/div><\/div> <div class='flex_cell av-av_cell_one_half-9049ca77cd381b8eb45853defb5676d4 av-gridrow-cell av_one_half no_margin  avia-builder-el-14  el_after_av_cell_one_half  avia-builder-el-last '  ><div class='flex_cell_inner'><\/div><\/div>\n<\/div><\/p>\n","protected":false},"excerpt":{"rendered":"","protected":false},"author":2,"featured_media":0,"parent":0,"menu_order":0,"comment_status":"closed","ping_status":"closed","template":"","meta":{"footnotes":""},"class_list":["post-23","page","type-page","status-publish","hentry"],"yoast_head":"<!-- This site is optimized with the Yoast SEO plugin v27.3 - https:\/\/yoast.com\/product\/yoast-seo-wordpress\/ -->\n<title>Kontakt - Verkehrswacht J\u00fclich<\/title>\n<meta name=\"description\" content=\"Entdecken Sie unseren direkten Draht zur Verkehrswacht J\u00fclich auf unserer Kontaktseite. Unsere engagierte Mitarbeiterin steht Ihnen freundlich zur Seite, um Ihre Anliegen entgegenzunehmen und Ihnen weiterzuhelfen. Kontaktieren Sie uns.\" \/>\n<meta name=\"robots\" content=\"index, follow, max-snippet:-1, max-image-preview:large, max-video-preview:-1\" \/>\n<link rel=\"canonical\" href=\"https:\/\/www.verkehrswacht-juelich.de\/?page_id=23\" \/>\n<meta property=\"og:locale\" content=\"de_DE\" \/>\n<meta property=\"og:type\" content=\"article\" \/>\n<meta property=\"og:title\" content=\"Kontakt - Verkehrswacht J\u00fclich\" \/>\n<meta property=\"og:description\" content=\"Entdecken Sie unseren direkten Draht zur Verkehrswacht J\u00fclich auf unserer Kontaktseite. Unsere engagierte Mitarbeiterin steht Ihnen freundlich zur Seite, um Ihre Anliegen entgegenzunehmen und Ihnen weiterzuhelfen. Kontaktieren Sie uns.\" \/>\n<meta property=\"og:url\" content=\"https:\/\/www.verkehrswacht-juelich.de\/?page_id=23\" \/>\n<meta property=\"og:site_name\" content=\"Verkehrswacht J\u00fclich\" \/>\n<meta property=\"article:modified_time\" content=\"2025-01-29T15:26:07+00:00\" \/>\n<meta name=\"twitter:card\" content=\"summary_large_image\" \/>\n<meta name=\"twitter:label1\" content=\"Gesch\u00e4tzte Lesezeit\" \/>\n\t<meta name=\"twitter:data1\" content=\"1\u00a0Minute\" \/>\n<script type=\"application\/ld+json\" class=\"yoast-schema-graph\">{\"@context\":\"https:\\\/\\\/schema.org\",\"@graph\":[{\"@type\":\"WebPage\",\"@id\":\"https:\\\/\\\/www.verkehrswacht-juelich.de\\\/?page_id=23\",\"url\":\"https:\\\/\\\/www.verkehrswacht-juelich.de\\\/?page_id=23\",\"name\":\"Kontakt - Verkehrswacht J\u00fclich\",\"isPartOf\":{\"@id\":\"https:\\\/\\\/www.verkehrswacht-juelich.de\\\/#website\"},\"datePublished\":\"2015-10-15T15:32:40+00:00\",\"dateModified\":\"2025-01-29T15:26:07+00:00\",\"description\":\"Entdecken Sie unseren direkten Draht zur Verkehrswacht J\u00fclich auf unserer Kontaktseite. Unsere engagierte Mitarbeiterin steht Ihnen freundlich zur Seite, um Ihre Anliegen entgegenzunehmen und Ihnen weiterzuhelfen. Kontaktieren Sie uns.\",\"breadcrumb\":{\"@id\":\"https:\\\/\\\/www.verkehrswacht-juelich.de\\\/?page_id=23#breadcrumb\"},\"inLanguage\":\"de\",\"potentialAction\":[{\"@type\":\"ReadAction\",\"target\":[\"https:\\\/\\\/www.verkehrswacht-juelich.de\\\/?page_id=23\"]}]},{\"@type\":\"BreadcrumbList\",\"@id\":\"https:\\\/\\\/www.verkehrswacht-juelich.de\\\/?page_id=23#breadcrumb\",\"itemListElement\":[{\"@type\":\"ListItem\",\"position\":1,\"name\":\"Startseite\",\"item\":\"https:\\\/\\\/www.verkehrswacht-juelich.de\\\/?page_id=19\"},{\"@type\":\"ListItem\",\"position\":2,\"name\":\"Kontakt\"}]},{\"@type\":\"WebSite\",\"@id\":\"https:\\\/\\\/www.verkehrswacht-juelich.de\\\/#website\",\"url\":\"https:\\\/\\\/www.verkehrswacht-juelich.de\\\/\",\"name\":\"Verkehrswacht J\u00fclich\",\"description\":\"\",\"potentialAction\":[{\"@type\":\"SearchAction\",\"target\":{\"@type\":\"EntryPoint\",\"urlTemplate\":\"https:\\\/\\\/www.verkehrswacht-juelich.de\\\/?s={search_term_string}\"},\"query-input\":{\"@type\":\"PropertyValueSpecification\",\"valueRequired\":true,\"valueName\":\"search_term_string\"}}],\"inLanguage\":\"de\"}]}<\/script>\n<!-- \/ Yoast SEO plugin. -->","yoast_head_json":{"title":"Kontakt - Verkehrswacht J\u00fclich","description":"Entdecken Sie unseren direkten Draht zur Verkehrswacht J\u00fclich auf unserer Kontaktseite. Unsere engagierte Mitarbeiterin steht Ihnen freundlich zur Seite, um Ihre Anliegen entgegenzunehmen und Ihnen weiterzuhelfen. Kontaktieren Sie uns.","robots":{"index":"index","follow":"follow","max-snippet":"max-snippet:-1","max-image-preview":"max-image-preview:large","max-video-preview":"max-video-preview:-1"},"canonical":"https:\/\/www.verkehrswacht-juelich.de\/?page_id=23","og_locale":"de_DE","og_type":"article","og_title":"Kontakt - Verkehrswacht J\u00fclich","og_description":"Entdecken Sie unseren direkten Draht zur Verkehrswacht J\u00fclich auf unserer Kontaktseite. Unsere engagierte Mitarbeiterin steht Ihnen freundlich zur Seite, um Ihre Anliegen entgegenzunehmen und Ihnen weiterzuhelfen. Kontaktieren Sie uns.","og_url":"https:\/\/www.verkehrswacht-juelich.de\/?page_id=23","og_site_name":"Verkehrswacht J\u00fclich","article_modified_time":"2025-01-29T15:26:07+00:00","twitter_card":"summary_large_image","twitter_misc":{"Gesch\u00e4tzte Lesezeit":"1\u00a0Minute"},"schema":{"@context":"https:\/\/schema.org","@graph":[{"@type":"WebPage","@id":"https:\/\/www.verkehrswacht-juelich.de\/?page_id=23","url":"https:\/\/www.verkehrswacht-juelich.de\/?page_id=23","name":"Kontakt - Verkehrswacht J\u00fclich","isPartOf":{"@id":"https:\/\/www.verkehrswacht-juelich.de\/#website"},"datePublished":"2015-10-15T15:32:40+00:00","dateModified":"2025-01-29T15:26:07+00:00","description":"Entdecken Sie unseren direkten Draht zur Verkehrswacht J\u00fclich auf unserer Kontaktseite. Unsere engagierte Mitarbeiterin steht Ihnen freundlich zur Seite, um Ihre Anliegen entgegenzunehmen und Ihnen weiterzuhelfen. Kontaktieren Sie uns.","breadcrumb":{"@id":"https:\/\/www.verkehrswacht-juelich.de\/?page_id=23#breadcrumb"},"inLanguage":"de","potentialAction":[{"@type":"ReadAction","target":["https:\/\/www.verkehrswacht-juelich.de\/?page_id=23"]}]},{"@type":"BreadcrumbList","@id":"https:\/\/www.verkehrswacht-juelich.de\/?page_id=23#breadcrumb","itemListElement":[{"@type":"ListItem","position":1,"name":"Startseite","item":"https:\/\/www.verkehrswacht-juelich.de\/?page_id=19"},{"@type":"ListItem","position":2,"name":"Kontakt"}]},{"@type":"WebSite","@id":"https:\/\/www.verkehrswacht-juelich.de\/#website","url":"https:\/\/www.verkehrswacht-juelich.de\/","name":"Verkehrswacht J\u00fclich","description":"","potentialAction":[{"@type":"SearchAction","target":{"@type":"EntryPoint","urlTemplate":"https:\/\/www.verkehrswacht-juelich.de\/?s={search_term_string}"},"query-input":{"@type":"PropertyValueSpecification","valueRequired":true,"valueName":"search_term_string"}}],"inLanguage":"de"}]}},"jetpack_sharing_enabled":true,"_links":{"self":[{"href":"https:\/\/www.verkehrswacht-juelich.de\/index.php?rest_route=\/wp\/v2\/pages\/23","targetHints":{"allow":["GET"]}}],"collection":[{"href":"https:\/\/www.verkehrswacht-juelich.de\/index.php?rest_route=\/wp\/v2\/pages"}],"about":[{"href":"https:\/\/www.verkehrswacht-juelich.de\/index.php?rest_route=\/wp\/v2\/types\/page"}],"author":[{"embeddable":true,"href":"https:\/\/www.verkehrswacht-juelich.de\/index.php?rest_route=\/wp\/v2\/users\/2"}],"replies":[{"embeddable":true,"href":"https:\/\/www.verkehrswacht-juelich.de\/index.php?rest_route=%2Fwp%2Fv2%2Fcomments&post=23"}],"version-history":[{"count":33,"href":"https:\/\/www.verkehrswacht-juelich.de\/index.php?rest_route=\/wp\/v2\/pages\/23\/revisions"}],"predecessor-version":[{"id":1102,"href":"https:\/\/www.verkehrswacht-juelich.de\/index.php?rest_route=\/wp\/v2\/pages\/23\/revisions\/1102"}],"wp:attachment":[{"href":"https:\/\/www.verkehrswacht-juelich.de\/index.php?rest_route=%2Fwp%2Fv2%2Fmedia&parent=23"}],"curies":[{"name":"wp","href":"https:\/\/api.w.org\/{rel}","templated":true}]}}