{"id":142,"date":"2015-10-22T15:32:34","date_gmt":"2015-10-22T15:32:34","guid":{"rendered":"http:\/\/test.kriesi.at\/construction\/?page_id=142"},"modified":"2024-01-12T12:40:10","modified_gmt":"2024-01-12T12:40:10","slug":"interior-design","status":"publish","type":"page","link":"https:\/\/www.verkehrswacht-juelich.de\/?page_id=142","title":{"rendered":"Informationsveranstaltungen"},"content":{"rendered":"<div  class='avia-slideshow av-306ofy-30dc9081c241e36c7381c2d83e23a1ba avia-slideshow-featured_large av_slideshow avia-fade-slider  avia-builder-el-0  el_before_av_one_full  avia-builder-el-first  av-slideshow-ui av-control-hidden av-no-slider-navigation av-hide-nav-arrows av-slideshow-autoplay av-loop-endless av-loop-manual-endless av-default-height-applied avia-slideshow-1' data-slideshow-options=\"{&quot;animation&quot;:&quot;fade&quot;,&quot;autoplay&quot;:true,&quot;loop_autoplay&quot;:&quot;endless&quot;,&quot;interval&quot;:5,&quot;loop_manual&quot;:&quot;manual-endless&quot;,&quot;autoplay_stopper&quot;:false,&quot;noNavigation&quot;:true,&quot;bg_slider&quot;:false,&quot;keep_padding&quot;:false,&quot;hoverpause&quot;:false,&quot;show_slide_delay&quot;:0}\"  itemprop=\"image\" itemscope=\"itemscope\" itemtype=\"https:\/\/schema.org\/ImageObject\" ><ul class='avia-slideshow-inner ' style='padding-bottom: 133.50515463918%;'><li  class='avia-slideshow-slide av-306ofy-30dc9081c241e36c7381c2d83e23a1ba__0  slide-1 slide-odd'><div data-rel='slideshow-1' class='avia-slide-wrap '   ><img decoding=\"async\" fetchpriority=\"high\" class=\"wp-image-452 avia-img-lazy-loading-not-452\"  src=\"https:\/\/www.verkehrswacht-juelich.de\/wp-content\/uploads\/2023\/11\/Infov1.jpg\" width=\"194\" height=\"259\" title='Infov1' alt=''  itemprop=\"thumbnailUrl\"   \/><\/div><\/li><\/ul><\/div>\n\n<style type=\"text\/css\" data-created_by=\"avia_inline_auto\" id=\"style-css-av-2jy58e-6da17b40fdd40009962f95a16ebc66a9\">\n#top .flex_column.av-2jy58e-6da17b40fdd40009962f95a16ebc66a9{\nmargin-top:0px;\nmargin-bottom:0px;\n}\n.flex_column.av-2jy58e-6da17b40fdd40009962f95a16ebc66a9{\nborder-radius:0px 0px 0px 0px;\npadding:0px 0px 0px 0px;\n}\n.responsive #top #wrap_all .flex_column.av-2jy58e-6da17b40fdd40009962f95a16ebc66a9{\nmargin-top:0px;\nmargin-bottom:0px;\n}\n<\/style>\n<div  class='flex_column av-2jy58e-6da17b40fdd40009962f95a16ebc66a9 av_one_full  avia-builder-el-1  el_after_av_slideshow  el_before_av_one_half  first flex_column_div av-animated-generic bottom-to-top av-zero-column-padding  '     ><p>\n<style type=\"text\/css\" data-created_by=\"avia_inline_auto\" id=\"style-css-av-2h5xza-50ada3b9885edc740ac9c8bb3e0a0fa9\">\n#top .av-special-heading.av-2h5xza-50ada3b9885edc740ac9c8bb3e0a0fa9{\npadding-bottom:0;\n}\nbody .av-special-heading.av-2h5xza-50ada3b9885edc740ac9c8bb3e0a0fa9 .av-special-heading-tag .heading-char{\nfont-size:25px;\n}\n.av-special-heading.av-2h5xza-50ada3b9885edc740ac9c8bb3e0a0fa9 .av-subheading{\nfont-size:15px;\n}\n<\/style>\n<div  class='av-special-heading av-2h5xza-50ada3b9885edc740ac9c8bb3e0a0fa9 av-special-heading-h2 blockquote modern-quote  avia-builder-el-2  el_before_av_hr  avia-builder-el-first '><h2 class='av-special-heading-tag '  itemprop=\"headline\"  >Verkehrserziehung<\/h2><div class=\"special-heading-border\"><div class=\"special-heading-inner-border\"><\/div><\/div><\/div><br \/>\n\n<style type=\"text\/css\" data-created_by=\"avia_inline_auto\" id=\"style-css-av-27hjji-98dcee34c778b4ac892fe014f8e3bb3d\">\n#top .hr.av-27hjji-98dcee34c778b4ac892fe014f8e3bb3d{\nmargin-top:10px;\nmargin-bottom:10px;\n}\n.hr.av-27hjji-98dcee34c778b4ac892fe014f8e3bb3d .hr-inner{\nwidth:350px;\nborder-color:#02b827;\n}\n<\/style>\n<div  class='hr av-27hjji-98dcee34c778b4ac892fe014f8e3bb3d hr-custom  avia-builder-el-3  el_after_av_heading  avia-builder-el-last  hr-left hr-icon-no'><span class='hr-inner inner-border-av-border-fat'><span class=\"hr-inner-style\"><\/span><\/span><\/div><\/p><\/div>\n<style type=\"text\/css\" data-created_by=\"avia_inline_auto\" id=\"style-css-av-21kr1q-51fa91568c3b8240594d1de3e8a20f4c\">\n#top .flex_column.av-21kr1q-51fa91568c3b8240594d1de3e8a20f4c{\nmargin-top:0px;\nmargin-bottom:0px;\n}\n.flex_column.av-21kr1q-51fa91568c3b8240594d1de3e8a20f4c{\nborder-radius:0px 0px 0px 0px;\npadding:0px 0px 0px 0px;\n}\n.responsive #top #wrap_all .flex_column.av-21kr1q-51fa91568c3b8240594d1de3e8a20f4c{\nmargin-top:0px;\nmargin-bottom:0px;\n}\n<\/style>\n<div  class='flex_column av-21kr1q-51fa91568c3b8240594d1de3e8a20f4c av_one_half  avia-builder-el-4  el_after_av_one_full  el_before_av_one_half  first flex_column_div av-animated-generic bottom-to-top av-zero-column-padding  column-top-margin'     ><section  class='av_textblock_section av-1wzyy6-6c9390a73d0799efd11083230714a00d '   itemscope=\"itemscope\" itemtype=\"https:\/\/schema.org\/CreativeWork\" ><div class='avia_textblock'  itemprop=\"text\" ><p>Unsere Informationsveranstaltungen sind eine wertvolle Plattform, um B\u00fcrgerinnen und B\u00fcrger \u00fcber aktuelle Themen im Bereich Verkehrssicherheit zu informieren. Wir laden Experten und Fachleute ein, um in interaktiven Workshops und Vortr\u00e4gen wichtige Informationen zu teilen. Hierbei behandeln wir Themen wie Verkehrsgesetze, neue Sicherheitstechnologien und bew\u00e4hrte Verhaltensweisen im Stra\u00dfenverkehr. Unsere Informationsveranstaltungen sollen dazu beitragen, das Bewusstsein f\u00fcr Verkehrssicherheit zu st\u00e4rken und zu einem sichereren Stra\u00dfenverkehr in J\u00fclich beizutragen.<\/p>\n<\/div><\/section><\/div><\/p>\n\n<style type=\"text\/css\" data-created_by=\"avia_inline_auto\" id=\"style-css-av-1q6n5q-fdf6b8e852f27bfff0281743b7fb7f70\">\n#top .flex_column.av-1q6n5q-fdf6b8e852f27bfff0281743b7fb7f70{\nmargin-top:0px;\nmargin-bottom:0px;\n}\n.flex_column.av-1q6n5q-fdf6b8e852f27bfff0281743b7fb7f70{\nborder-radius:0px 0px 0px 0px;\npadding:0px 0px 0px 0px;\n}\n.responsive #top #wrap_all .flex_column.av-1q6n5q-fdf6b8e852f27bfff0281743b7fb7f70{\nmargin-top:0px;\nmargin-bottom:0px;\n}\n<\/style>\n<div  class='flex_column av-1q6n5q-fdf6b8e852f27bfff0281743b7fb7f70 av_one_half  avia-builder-el-6  el_after_av_one_half  el_before_av_one_full  flex_column_div av-animated-generic bottom-to-top av-zero-column-padding  column-top-margin'     ><section  class='av_textblock_section av-1lyq0u-c176f0f83a40db158e9ae079c0afb665 '   itemscope=\"itemscope\" itemtype=\"https:\/\/schema.org\/CreativeWork\" ><div class='avia_textblock'  itemprop=\"text\" ><p>Unsere Informationsveranstaltungen richten sich an unterschiedliche Zielgruppen, darunter Sch\u00fcler, Erwachsene und Senioren. Wir bieten ma\u00dfgeschneiderte Workshops und Schulungen an, die auf die Bed\u00fcrfnisse und Anforderungen jeder Zielgruppe zugeschnitten sind. Dabei decken wir verschiedene Aspekte der Verkehrssicherheit ab, von Fahrrad- und Fu\u00dfg\u00e4ngersicherheit bis hin zu sicheren Fahrverhalten im Stra\u00dfenverkehr. Unser Ziel ist es, durch gezielte Aufkl\u00e4rung und Schulung die Sicherheit aller Verkehrsteilnehmer zu erh\u00f6hen und Unf\u00e4lle zu vermeiden.<\/p>\n<\/div><\/section><\/div>\n\n<style type=\"text\/css\" data-created_by=\"avia_inline_auto\" id=\"style-css-av-hmda-0af18552df4440adea40ee45e1e3ccbe\">\n.flex_column.av-hmda-0af18552df4440adea40ee45e1e3ccbe{\nborder-width:1px;\nborder-color:#e1e1e1;\nborder-style:solid;\nborder-radius:0px 0px 0px 0px;\npadding:20px 20px 20px 20px;\nbackground-color:#fcfcfc;\n}\n<\/style>\n<div  class='flex_column av-hmda-0af18552df4440adea40ee45e1e3ccbe av_one_full  avia-builder-el-8  el_after_av_one_half  el_before_av_one_half  first flex_column_div av-animated-generic bottom-to-top  column-top-margin'     ><section  class='av_textblock_section av-4fxtq-179c17b0f34351d222fdd58f92e4e67a '   itemscope=\"itemscope\" itemtype=\"https:\/\/schema.org\/CreativeWork\" ><div class='avia_textblock'  itemprop=\"text\" ><p>Infoveranstaltungen sind eine effektive Methode, um gezielte Informationen und Wissen an ein Publikum weiterzugeben. Sie bieten die M\u00f6glichkeit, Interessierte \u00fcber spezifische Themen, Projekte oder Organisationen zu informieren und einen direkten Dialog zwischen Experten und Teilnehmern zu f\u00f6rdern. Infoveranstaltungen k\u00f6nnen in verschiedenen Formaten abgehalten werden, darunter Vortr\u00e4ge, Workshops, Seminare oder Pr\u00e4sentationen, und dienen dazu, Wissen zu teilen, Fragen zu beantworten und das Bewusstsein f\u00fcr wichtige Anliegen zu sch\u00e4rfen. Sie sind ein wichtiges Instrument in Bildung, Marketing, und der Verbreitung von Informationen in verschiedenen Bereichen, von gemeinn\u00fctzigen Organisationen bis hin zu Unternehmen.<\/p>\n<\/div><\/section><\/div>\n\n<style type=\"text\/css\" data-created_by=\"avia_inline_auto\" id=\"style-css-av-3zex2-9966421c5c54374c9e3a1e8706fb7552\">\n.flex_column.av-3zex2-9966421c5c54374c9e3a1e8706fb7552{\nborder-radius:0px 0px 0px 0px;\npadding:0px 0px 0px 0px;\n}\n<\/style>\n<div  class='flex_column av-3zex2-9966421c5c54374c9e3a1e8706fb7552 av_one_half  avia-builder-el-10  el_after_av_one_full  el_before_av_one_half  first flex_column_div av-animated-generic bottom-to-top av-zero-column-padding  column-top-margin'     ><p>\n<style type=\"text\/css\" data-created_by=\"avia_inline_auto\" id=\"style-css-av-utpye-ef4e75761cc0027151e9409238f4f98a\">\n#top .av-special-heading.av-utpye-ef4e75761cc0027151e9409238f4f98a{\npadding-bottom:0;\n}\nbody .av-special-heading.av-utpye-ef4e75761cc0027151e9409238f4f98a .av-special-heading-tag .heading-char{\nfont-size:25px;\n}\n.av-special-heading.av-utpye-ef4e75761cc0027151e9409238f4f98a .av-subheading{\nfont-size:15px;\n}\n<\/style>\n<div  class='av-special-heading av-utpye-ef4e75761cc0027151e9409238f4f98a av-special-heading-h2 blockquote modern-quote  avia-builder-el-11  el_before_av_hr  avia-builder-el-first '><h2 class='av-special-heading-tag '  itemprop=\"headline\"  >Schulbesuche <\/h2><div class=\"special-heading-border\"><div class=\"special-heading-inner-border\"><\/div><\/div><\/div><br \/>\n\n<style type=\"text\/css\" data-created_by=\"avia_inline_auto\" id=\"style-css-av-roqtq-7c56f9baa087b961784a4b9f4da6af81\">\n#top .hr.av-roqtq-7c56f9baa087b961784a4b9f4da6af81{\nmargin-top:10px;\nmargin-bottom:10px;\n}\n.hr.av-roqtq-7c56f9baa087b961784a4b9f4da6af81 .hr-inner{\nwidth:250px;\nborder-color:#02b827;\n}\n<\/style>\n<div  class='hr av-roqtq-7c56f9baa087b961784a4b9f4da6af81 hr-custom  avia-builder-el-12  el_after_av_heading  el_before_av_textblock  hr-left hr-icon-no'><span class='hr-inner inner-border-av-border-fat'><span class=\"hr-inner-style\"><\/span><\/span><\/div><br \/>\n<section  class='av_textblock_section av-kflla-c53b66cb2c37c0e428e2387413e4b809 '   itemscope=\"itemscope\" itemtype=\"https:\/\/schema.org\/CreativeWork\" ><div class='avia_textblock'  itemprop=\"text\" ><p>Die Verkehrswacht J\u00fclich engagiert sich leidenschaftlich f\u00fcr die Sicherheit im Stra\u00dfenverkehr und legt dabei einen besonderen Fokus auf die Verkehrserziehung in Schulen. Unsere erfahrenen und engagierten Teammitglieder besuchen Schulen, um Sch\u00fclerinnen und Sch\u00fclern praxisnahe Einblicke in die Grundlagen der Verkehrssicherheit zu vermitteln. Durch interaktive Schulbesuche tragen wir dazu bei, das Verst\u00e4ndnis f\u00fcr sicheres Verhalten im Stra\u00dfenverkehr zu f\u00f6rdern. Gemeinsam setzen wir uns f\u00fcr eine sichere und verantwortungsbewusste Mobilit\u00e4t unserer jungen Generation ein. Die Verkehrswacht J\u00fclich \u2013 f\u00fcr mehr Sicherheit auf unseren Stra\u00dfen von Anfang an!<\/p>\n<\/div><\/section><\/p><\/div>\n<style type=\"text\/css\" data-created_by=\"avia_inline_auto\" id=\"style-css-av-hc93q-ee854f7d8226b328d1e760ad72f529dc\">\n.flex_column.av-hc93q-ee854f7d8226b328d1e760ad72f529dc{\nborder-radius:0px 0px 0px 0px;\npadding:0px 0px 0px 0px;\n}\n<\/style>\n<div  class='flex_column av-hc93q-ee854f7d8226b328d1e760ad72f529dc av_one_half  avia-builder-el-14  el_after_av_one_half  avia-builder-el-last  flex_column_div av-animated-generic bottom-to-top av-zero-column-padding  column-top-margin'     ><style type=\"text\/css\" data-created_by=\"avia_inline_auto\" id=\"style-css-av-9fbdy-0b83755fab0d4a370e3c6f38b00d257b\">\n.avia-image-container.av-9fbdy-0b83755fab0d4a370e3c6f38b00d257b img.avia_image{\nbox-shadow:none;\n}\n.avia-image-container.av-9fbdy-0b83755fab0d4a370e3c6f38b00d257b .av-image-caption-overlay-center{\ncolor:#ffffff;\n}\n<\/style>\n<div  class='avia-image-container av-9fbdy-0b83755fab0d4a370e3c6f38b00d257b av-styling-no-styling avia-align-center  avia-builder-el-15  avia-builder-el-no-sibling '   itemprop=\"image\" itemscope=\"itemscope\" itemtype=\"https:\/\/schema.org\/ImageObject\" ><div class=\"avia-image-container-inner\"><div class=\"avia-image-overlay-wrap\"><img decoding=\"async\" fetchpriority=\"high\" class='wp-image- avia-img-lazy-loading-not- avia_image ' src=\"https:\/\/juelich.verkehrswacht.net\/wp-content\/uploads\/2023\/11\/Infov4.jpg\" alt='' title=''   itemprop=\"thumbnailUrl\"  \/><\/div><\/div><\/div><\/div><\/p>\n","protected":false},"excerpt":{"rendered":"","protected":false},"author":2,"featured_media":281,"parent":569,"menu_order":0,"comment_status":"closed","ping_status":"closed","template":"","meta":{"footnotes":""},"class_list":["post-142","page","type-page","status-publish","has-post-thumbnail","hentry"],"yoast_head":"<!-- This site is optimized with the Yoast SEO plugin v27.3 - https:\/\/yoast.com\/product\/yoast-seo-wordpress\/ -->\n<title>Informationsveranstaltungen - Verkehrswacht J\u00fclich<\/title>\n<meta name=\"robots\" content=\"index, follow, max-snippet:-1, max-image-preview:large, max-video-preview:-1\" \/>\n<link rel=\"canonical\" href=\"https:\/\/www.verkehrswacht-juelich.de\/?page_id=142\" \/>\n<meta property=\"og:locale\" content=\"de_DE\" \/>\n<meta property=\"og:type\" content=\"article\" \/>\n<meta property=\"og:title\" content=\"Informationsveranstaltungen - Verkehrswacht J\u00fclich\" \/>\n<meta property=\"og:url\" content=\"https:\/\/www.verkehrswacht-juelich.de\/?page_id=142\" \/>\n<meta property=\"og:site_name\" content=\"Verkehrswacht J\u00fclich\" \/>\n<meta property=\"article:modified_time\" content=\"2024-01-12T12:40:10+00:00\" \/>\n<meta property=\"og:image\" content=\"https:\/\/www.verkehrswacht-juelich.de\/wp-content\/uploads\/2023\/11\/Infoveranstaltung1.jpg\" \/>\n\t<meta property=\"og:image:width\" content=\"551\" \/>\n\t<meta property=\"og:image:height\" content=\"413\" \/>\n\t<meta property=\"og:image:type\" content=\"image\/jpeg\" \/>\n<meta name=\"twitter:card\" content=\"summary_large_image\" \/>\n<meta name=\"twitter:label1\" content=\"Gesch\u00e4tzte Lesezeit\" \/>\n\t<meta name=\"twitter:data1\" content=\"6\u00a0Minuten\" \/>\n<script type=\"application\/ld+json\" class=\"yoast-schema-graph\">{\"@context\":\"https:\\\/\\\/schema.org\",\"@graph\":[{\"@type\":\"WebPage\",\"@id\":\"https:\\\/\\\/www.verkehrswacht-juelich.de\\\/?page_id=142\",\"url\":\"https:\\\/\\\/www.verkehrswacht-juelich.de\\\/?page_id=142\",\"name\":\"Informationsveranstaltungen - Verkehrswacht J\u00fclich\",\"isPartOf\":{\"@id\":\"https:\\\/\\\/www.verkehrswacht-juelich.de\\\/#website\"},\"primaryImageOfPage\":{\"@id\":\"https:\\\/\\\/www.verkehrswacht-juelich.de\\\/?page_id=142#primaryimage\"},\"image\":{\"@id\":\"https:\\\/\\\/www.verkehrswacht-juelich.de\\\/?page_id=142#primaryimage\"},\"thumbnailUrl\":\"https:\\\/\\\/www.verkehrswacht-juelich.de\\\/wp-content\\\/uploads\\\/2023\\\/11\\\/Infoveranstaltung1.jpg\",\"datePublished\":\"2015-10-22T15:32:34+00:00\",\"dateModified\":\"2024-01-12T12:40:10+00:00\",\"breadcrumb\":{\"@id\":\"https:\\\/\\\/www.verkehrswacht-juelich.de\\\/?page_id=142#breadcrumb\"},\"inLanguage\":\"de\",\"potentialAction\":[{\"@type\":\"ReadAction\",\"target\":[\"https:\\\/\\\/www.verkehrswacht-juelich.de\\\/?page_id=142\"]}]},{\"@type\":\"ImageObject\",\"inLanguage\":\"de\",\"@id\":\"https:\\\/\\\/www.verkehrswacht-juelich.de\\\/?page_id=142#primaryimage\",\"url\":\"https:\\\/\\\/www.verkehrswacht-juelich.de\\\/wp-content\\\/uploads\\\/2023\\\/11\\\/Infoveranstaltung1.jpg\",\"contentUrl\":\"https:\\\/\\\/www.verkehrswacht-juelich.de\\\/wp-content\\\/uploads\\\/2023\\\/11\\\/Infoveranstaltung1.jpg\",\"width\":551,\"height\":413},{\"@type\":\"BreadcrumbList\",\"@id\":\"https:\\\/\\\/www.verkehrswacht-juelich.de\\\/?page_id=142#breadcrumb\",\"itemListElement\":[{\"@type\":\"ListItem\",\"position\":1,\"name\":\"Startseite\",\"item\":\"https:\\\/\\\/www.verkehrswacht-juelich.de\\\/?page_id=19\"},{\"@type\":\"ListItem\",\"position\":2,\"name\":\"Unsere Aktionen\",\"item\":\"https:\\\/\\\/www.verkehrswacht-juelich.de\\\/?page_id=569\"},{\"@type\":\"ListItem\",\"position\":3,\"name\":\"Informationsveranstaltungen\"}]},{\"@type\":\"WebSite\",\"@id\":\"https:\\\/\\\/www.verkehrswacht-juelich.de\\\/#website\",\"url\":\"https:\\\/\\\/www.verkehrswacht-juelich.de\\\/\",\"name\":\"Verkehrswacht J\u00fclich\",\"description\":\"\",\"potentialAction\":[{\"@type\":\"SearchAction\",\"target\":{\"@type\":\"EntryPoint\",\"urlTemplate\":\"https:\\\/\\\/www.verkehrswacht-juelich.de\\\/?s={search_term_string}\"},\"query-input\":{\"@type\":\"PropertyValueSpecification\",\"valueRequired\":true,\"valueName\":\"search_term_string\"}}],\"inLanguage\":\"de\"}]}<\/script>\n<!-- \/ Yoast SEO plugin. -->","yoast_head_json":{"title":"Informationsveranstaltungen - Verkehrswacht J\u00fclich","robots":{"index":"index","follow":"follow","max-snippet":"max-snippet:-1","max-image-preview":"max-image-preview:large","max-video-preview":"max-video-preview:-1"},"canonical":"https:\/\/www.verkehrswacht-juelich.de\/?page_id=142","og_locale":"de_DE","og_type":"article","og_title":"Informationsveranstaltungen - Verkehrswacht J\u00fclich","og_url":"https:\/\/www.verkehrswacht-juelich.de\/?page_id=142","og_site_name":"Verkehrswacht J\u00fclich","article_modified_time":"2024-01-12T12:40:10+00:00","og_image":[{"width":551,"height":413,"url":"https:\/\/www.verkehrswacht-juelich.de\/wp-content\/uploads\/2023\/11\/Infoveranstaltung1.jpg","type":"image\/jpeg"}],"twitter_card":"summary_large_image","twitter_misc":{"Gesch\u00e4tzte Lesezeit":"6\u00a0Minuten"},"schema":{"@context":"https:\/\/schema.org","@graph":[{"@type":"WebPage","@id":"https:\/\/www.verkehrswacht-juelich.de\/?page_id=142","url":"https:\/\/www.verkehrswacht-juelich.de\/?page_id=142","name":"Informationsveranstaltungen - Verkehrswacht J\u00fclich","isPartOf":{"@id":"https:\/\/www.verkehrswacht-juelich.de\/#website"},"primaryImageOfPage":{"@id":"https:\/\/www.verkehrswacht-juelich.de\/?page_id=142#primaryimage"},"image":{"@id":"https:\/\/www.verkehrswacht-juelich.de\/?page_id=142#primaryimage"},"thumbnailUrl":"https:\/\/www.verkehrswacht-juelich.de\/wp-content\/uploads\/2023\/11\/Infoveranstaltung1.jpg","datePublished":"2015-10-22T15:32:34+00:00","dateModified":"2024-01-12T12:40:10+00:00","breadcrumb":{"@id":"https:\/\/www.verkehrswacht-juelich.de\/?page_id=142#breadcrumb"},"inLanguage":"de","potentialAction":[{"@type":"ReadAction","target":["https:\/\/www.verkehrswacht-juelich.de\/?page_id=142"]}]},{"@type":"ImageObject","inLanguage":"de","@id":"https:\/\/www.verkehrswacht-juelich.de\/?page_id=142#primaryimage","url":"https:\/\/www.verkehrswacht-juelich.de\/wp-content\/uploads\/2023\/11\/Infoveranstaltung1.jpg","contentUrl":"https:\/\/www.verkehrswacht-juelich.de\/wp-content\/uploads\/2023\/11\/Infoveranstaltung1.jpg","width":551,"height":413},{"@type":"BreadcrumbList","@id":"https:\/\/www.verkehrswacht-juelich.de\/?page_id=142#breadcrumb","itemListElement":[{"@type":"ListItem","position":1,"name":"Startseite","item":"https:\/\/www.verkehrswacht-juelich.de\/?page_id=19"},{"@type":"ListItem","position":2,"name":"Unsere Aktionen","item":"https:\/\/www.verkehrswacht-juelich.de\/?page_id=569"},{"@type":"ListItem","position":3,"name":"Informationsveranstaltungen"}]},{"@type":"WebSite","@id":"https:\/\/www.verkehrswacht-juelich.de\/#website","url":"https:\/\/www.verkehrswacht-juelich.de\/","name":"Verkehrswacht J\u00fclich","description":"","potentialAction":[{"@type":"SearchAction","target":{"@type":"EntryPoint","urlTemplate":"https:\/\/www.verkehrswacht-juelich.de\/?s={search_term_string}"},"query-input":{"@type":"PropertyValueSpecification","valueRequired":true,"valueName":"search_term_string"}}],"inLanguage":"de"}]}},"jetpack_sharing_enabled":true,"_links":{"self":[{"href":"https:\/\/www.verkehrswacht-juelich.de\/index.php?rest_route=\/wp\/v2\/pages\/142","targetHints":{"allow":["GET"]}}],"collection":[{"href":"https:\/\/www.verkehrswacht-juelich.de\/index.php?rest_route=\/wp\/v2\/pages"}],"about":[{"href":"https:\/\/www.verkehrswacht-juelich.de\/index.php?rest_route=\/wp\/v2\/types\/page"}],"author":[{"embeddable":true,"href":"https:\/\/www.verkehrswacht-juelich.de\/index.php?rest_route=\/wp\/v2\/users\/2"}],"replies":[{"embeddable":true,"href":"https:\/\/www.verkehrswacht-juelich.de\/index.php?rest_route=%2Fwp%2Fv2%2Fcomments&post=142"}],"version-history":[{"count":10,"href":"https:\/\/www.verkehrswacht-juelich.de\/index.php?rest_route=\/wp\/v2\/pages\/142\/revisions"}],"predecessor-version":[{"id":576,"href":"https:\/\/www.verkehrswacht-juelich.de\/index.php?rest_route=\/wp\/v2\/pages\/142\/revisions\/576"}],"up":[{"embeddable":true,"href":"https:\/\/www.verkehrswacht-juelich.de\/index.php?rest_route=\/wp\/v2\/pages\/569"}],"wp:featuredmedia":[{"embeddable":true,"href":"https:\/\/www.verkehrswacht-juelich.de\/index.php?rest_route=\/wp\/v2\/media\/281"}],"wp:attachment":[{"href":"https:\/\/www.verkehrswacht-juelich.de\/index.php?rest_route=%2Fwp%2Fv2%2Fmedia&parent=142"}],"curies":[{"name":"wp","href":"https:\/\/api.w.org\/{rel}","templated":true}]}}